{"id":302,"date":"2023-04-06T19:34:10","date_gmt":"2023-04-06T17:34:10","guid":{"rendered":"https:\/\/protecformation.fr\/?page_id=302"},"modified":"2025-08-10T14:42:46","modified_gmt":"2025-08-10T12:42:46","slug":"financement","status":"publish","type":"page","link":"https:\/\/protecformation.fr\/?page_id=302","title":{"rendered":"Financement"},"content":{"rendered":"<p>[et_pb_section fb_built=&#8221;1&#8243; admin_label=&#8221;Header&#8221; _builder_version=&#8221;4.20.4&#8243; use_background_color_gradient=&#8221;on&#8221; background_color_gradient_stops=&#8221;rgba(23,0,190,0.3) 96%|rgba(23,0,190,0.9) 100%&#8221; background_color_gradient_overlays_image=&#8221;on&#8221; background_color_gradient_start=&#8221;rgba(23,0,190,0.3)&#8221; background_color_gradient_end=&#8221;rgba(23,0,190,0.9)&#8221; background_image=&#8221;http:\/\/protecformation.fr\/wp-content\/uploads\/2023\/04\/Documents-diagnostics-2.png&#8221; min_height=&#8221;298px&#8221; locked=&#8221;off&#8221; global_colors_info=&#8221;{}&#8221;][\/et_pb_section][et_pb_section fb_built=&#8221;1&#8243; admin_label=&#8221;How It Works&#8221; _builder_version=&#8221;4.16&#8243; min_height=&#8221;1031px&#8221; custom_margin=&#8221;-2px|||||&#8221; global_colors_info=&#8221;{}&#8221;][et_pb_row _builder_version=&#8221;4.20.4&#8243; _module_preset=&#8221;default&#8221; global_colors_info=&#8221;{}&#8221;][et_pb_column type=&#8221;4_4&#8243; _builder_version=&#8221;4.20.4&#8243; _module_preset=&#8221;default&#8221; global_colors_info=&#8221;{}&#8221;][et_pb_text _builder_version=&#8221;4.20.4&#8243; _module_preset=&#8221;default&#8221; text_font=&#8221;Poppins||||||||&#8221; text_font_size=&#8221;7px&#8221; header_font=&#8221;Poppins||||||||&#8221; header_font_size=&#8221;20px&#8221; width=&#8221;100%&#8221; global_colors_info=&#8221;{}&#8221;]<\/p>\n<h1 class=\"CorpsA\"><span class=\"Aucun\"><b>Financement formation en s\u00e9curit\u00e9 priv\u00e9e : \u00e0 chacun son dispositif pour construire son avenir pro<\/b><\/span><\/h1>\n<p><span class=\"Aucun\"><b><\/b><\/span><\/p>\n<p><span class=\"Aucun\"><b><\/b><\/span><\/p>\n<h2 style=\"text-align: justify;\">Vous cherchez une formation financ\u00e9e par l\u2019Etat pour construire votre carri\u00e8re professionnelle et apprendre un m\u00e9tier dans le secteur de la s\u00e9curit\u00e9, s\u00fbret\u00e9, pr\u00e9vention, incendie? . Trouvez ci-dessous le dispositif adapt\u00e9 \u00e0 votre situation personnelle pour vous former et obtenir votre titre, dipl\u00f4me, CQP d\u00e9sormais appel\u00e9 TFP.<\/h2>\n<p>[\/et_pb_text][\/et_pb_column][\/et_pb_row][et_pb_row _builder_version=&#8221;4.16&#8243; global_colors_info=&#8221;{}&#8221;][et_pb_column type=&#8221;4_4&#8243; _builder_version=&#8221;4.16&#8243; global_colors_info=&#8221;{}&#8221;][et_pb_accordion _builder_version=&#8221;4.21.0&#8243; _module_preset=&#8221;default&#8221; hover_enabled=&#8221;0&#8243; border_radii=&#8221;on|15px|15px|15px|15px&#8221; global_colors_info=&#8221;{}&#8221; sticky_enabled=&#8221;0&#8243;][et_pb_accordion_item title=&#8221;Demandeur d\u2019emploi : \u00e0 vous le financement formation France Travail, CPF, AIF, Conseil R\u00e9gional&#8221; open=&#8221;on&#8221; open_toggle_text_color=&#8221;#000000&#8243; open_toggle_background_color=&#8221;#FFFFFF&#8221; closed_toggle_text_color=&#8221;#000000&#8243; _builder_version=&#8221;4.21.0&#8243; _module_preset=&#8221;default&#8221; body_text_color=&#8221;#000000&#8243; body_font_size=&#8221;15px&#8221; hover_enabled=&#8221;0&#8243; global_colors_info=&#8221;{}&#8221; toggle_text_color=&#8221;#000000&#8243; toggle_font=&#8221;Poppins||||||||&#8221; toggle_font_size=&#8221;18px&#8221; closed_toggle_font_size=&#8221;18px&#8221; sticky_enabled=&#8221;0&#8243;]<\/p>\n<ul>\n<li><strong>Le financement formation CPF (Compte Personnel de Formation)<\/strong>. Le CPF a pris la succession du DIF en 2015. Il permet de financer ses heures de formation. Il est d\u00e9sormais cr\u00e9dit\u00e9 en euros et ouvert aux personnes \u00e2g\u00e9es de 16 \u00e0 65 ans. Pour connaitre les modalit\u00e9s d\u2019attribution de montant, consultez le lien source1 en bas de page<\/li>\n<li><strong>L\u2019AIF financement formation (Aide Individuel \u00e0 la Formation)<\/strong>. L\u2019AIF est un dispositif mis en place par France Travail permettant d\u2019aider les ch\u00f4meurs indemnis\u00e9s. En contactant votre conseiller, celui-ci peut vous aider \u00e0 instituer votre dossier de financement au titre de l\u2019AIF.<\/li>\n<li><strong>Le financement formation par le Conseil R\u00e9gional ou G\u00e9n\u00e9ral<\/strong>. Le Conseil R\u00e9gional ou G\u00e9n\u00e9ral de votre d\u00e9partement peut vous aider \u00e0 financer votre formation. Ces aides s\u2019adressent aux demandeurs d\u2019emploi inscrits \u00e0 France Travail, d\u00e9tenteurs d\u2019une attestation d\u00e9livr\u00e9e par France Travail et en cours de validit\u00e9. Contactez-nous pour obtenir plus d\u2019informations.<\/li>\n<li><strong>Le financement formation par l\u2019Agefiph\u00b2<\/strong>. L\u2019Agefiph est le fond de financement pour les personnes atteintes d\u2019un handicap. Si vous \u00eates reconnu travailleur handicap\u00e9, vous pouvez faire une demande d\u2019aide au financement aupr\u00e8s de cet organisme.<\/li>\n<\/ul>\n<p><strong>NB :<\/strong><span>\u00a0<\/span>il existe une multitude de possibilit\u00e9s de financement de formation par P\u00f4le Emploi : seul votre conseiller pourra vous d\u00e9tailler les diff\u00e9rents dispositifs auxquels vous \u00eates \u00e9ligibles (allocation d\u2019Aide au Retour \u00e0 l\u2019Emploi Formation \u2013 AREF, r\u00e9mun\u00e9ration de fin de formation \u2013 RFF, allocation sp\u00e9cifique de solidarit\u00e9, r\u00e9mun\u00e9ration de formation France Travail \u2013 RFPE, etc.).<\/p>\n<p>[\/et_pb_accordion_item][et_pb_accordion_item title=&#8221;Vous \u00eates salari\u00e9 en CDI ou CDD, int\u00e9rimaire ? CPF, CIF, permettent de financer votre projet pro !&#8221; _builder_version=&#8221;4.20.4&#8243; _module_preset=&#8221;default&#8221; body_text_color=&#8221;#000000&#8243; body_font_size=&#8221;15px&#8221; global_colors_info=&#8221;{}&#8221; toggle_text_color=&#8221;#000000&#8243; toggle_font_size=&#8221;18px&#8221; open=&#8221;off&#8221;]<\/p>\n<p>Vous \u00eates employ\u00e9 dans la<span>\u00a0<\/span><strong>s\u00e9curit\u00e9<\/strong><span>\u00a0<\/span>et vous souhaitez \u00e9voluer ? Vous travaillez mais vous aimeriez changer de secteur d\u2019activit\u00e9 pour les m\u00e9tiers de la s\u00e9curit\u00e9 priv\u00e9e ? Faites une demande de PTP ou utilisez votre CPF pour le financement de votre formation !<\/p>\n<ul>\n<li><strong>Le financement formation avec CPF (Compte Personnel de Formation)<\/strong>. Le CPF a pris la succession du DIF en 2015.Pour en b\u00e9n\u00e9ficier, il vous suffit de cr\u00e9er un compte sur le site officiel moncompteformation.gouv.fr et de mobiliser vos heures en s\u00e9lectionnant la fiche m\u00e9tier PROTEC FORMATION souhait\u00e9e.<\/li>\n<li><strong>Le financement formation avec PTP (Projet de Transition Professionnelle)<sup>4<\/sup>.<\/strong><span>\u00a0<\/span>C\u2019est l\u2019ex-financement formation avec CIF (Cong\u00e9 Individuel de Formation qui a disparu en 2019). Le PTP est une solution de financement par le biais du Fongecif, l\u2019Opacif ou l\u2019OPCO de votre employeur. Quelque soit l\u2019organisme choisi, votre employeur paye une cotisation pour le financement de votre formation. Dans ce cadre, un maintien de salaire \u00e0 hauteur de deux fois le SMIC est possible. Au-del\u00e0, le salaire est maintenu entre 80 et 90 %.<\/li>\n<li><strong>Le financement formation FAFTT (Fond d\u2019Assurance Formation du Travail Temporaire)<\/strong><span>\u00a0<\/span>d\u00e9sormais connu sous le nom de AKTO (ancien OPCO \u2013 op\u00e9rateurs de comp\u00e9tences) pour les salari\u00e9s int\u00e9rimaires : nos formations peuvent \u00eatre financ\u00e9es via cet organisme avec le CPF, le CPF de transition, le POE (Pr\u00e9paration Op\u00e9rationnelle \u00e0 l\u2019Emploi).<\/li>\n<\/ul>\n<p>[\/et_pb_accordion_item][et_pb_accordion_item title=&#8221;Vous \u00eates ind\u00e9pendant, autoentrepreneur ? Demande une aide financi\u00e8re au FIF-PL et \u00e0 l\u2019Agefice&#8221; closed_toggle_text_color=&#8221;#000000&#8243; _builder_version=&#8221;4.20.4&#8243; _module_preset=&#8221;default&#8221; body_text_color=&#8221;#000000&#8243; body_font_size=&#8221;15px&#8221; global_colors_info=&#8221;{}&#8221; toggle_text_color=&#8221;#000000&#8243; toggle_font_size=&#8221;18px&#8221; closed_toggle_font_size=&#8221;18px&#8221; open=&#8221;off&#8221;]<\/p>\n<p>Selon votre branche, vous contacterez l\u2019une de ces 2 structures pour b\u00e9n\u00e9ficier d\u2019une prise en charge et vous former :<\/p>\n<ul>\n<li><strong>Le Fonds interprofessionnel de formation des professions lib\u00e9rales (F.I.P.-P.L.)<sup>5<\/sup><\/strong>. Le FIF-PL est un fond d\u2019aide au travailleurs ind\u00e9pendants, leurs conjoints collaborateurs et les micro-entrepreneurs, destin\u00e9 \u00e0 participer au financement de la formation continue des professions lib\u00e9rales. Ce dispositif est financ\u00e9 par la Contribution \u00e0 la formation professionnelle (CFP) vers\u00e9e chaque ann\u00e9e par les travailleurs ind\u00e9pendants.<\/li>\n<li><strong>L\u2019Association de gestion du financement de la formation des chefs d\u2019entreprise (AGEFICE)<sup>6<\/sup><\/strong>: L\u2019AGEFICE est destin\u00e9 aux dirigeants non-salari\u00e9s des secteurs du commerce, de l\u2019industrie et des services. Le fonds permet aux dirigeants non-salari\u00e9s (DNS) de financer des formations d\u2019une dur\u00e9e minimale de 6 heures. Une demande pr\u00e9alable de prise en charge doit \u00eatre d\u00e9pos\u00e9 avant le d\u00e9but des cours.<\/li>\n<\/ul>\n<p>[\/et_pb_accordion_item][et_pb_accordion_item title=&#8221;Vous n\u2019avez droit \u00e0 aucune aide pour apprendre un nouveau m\u00e9tier ? Payez en 2\/3 fois sans frais !&#8221; open_toggle_text_color=&#8221;#000000&#8243; closed_toggle_text_color=&#8221;#000000&#8243; _builder_version=&#8221;4.20.4&#8243; _module_preset=&#8221;default&#8221; body_text_color=&#8221;#000000&#8243; body_font_size=&#8221;15px&#8221; global_colors_info=&#8221;{}&#8221; toggle_text_color=&#8221;#000000&#8243; toggle_font_size=&#8221;18px&#8221; closed_toggle_font_size=&#8221;18px&#8221; open=&#8221;off&#8221;]<\/p>\n<p>Protec Formation vous permet tout de m\u00eame de d\u00e9velopper vos comp\u00e9tences, d\u2019acqu\u00e9rir de nouveaux savoirs et de booster votre<span>\u00a0<\/span><a href=\"https:\/\/protecformation.fr\/?page_id=2\">carri\u00e8re professionnelle<\/a><span>\u00a0<\/span>gr\u00e2ce au paiement en 2 ou 3 fois sans frais via le paiement s\u00e9curis\u00e9 directement sur notre site internet.<\/p>\n<p>Pour cela, il vous suffit de suivre la proc\u00e9dure suivante :<\/p>\n<ol>\n<li>Rendez-vous directement sur la fiche \u00ab m\u00e9tier \u00bb de votre choix :<\/li>\n<li>Assurez-vous de bien r\u00e9pondre au pr\u00e9-requis (en cas de doute, contactez notre \u00e9quipe au <span>09 70 66 92 10<\/span>). Vous pouvez au pr\u00e9alable valider votre projet professionnel en nous contactant par t\u00e9l\u00e9phone au <span>09 70 66 92 10 ou par mail <span style=\"color: #3366ff;\"><a href=\"https:\/\/protecformation.fr\/?page_id=33\" style=\"color: #3366ff;\">contact@protecformation.fr<\/a><\/span><\/span>.<\/li>\n<li>Ajoutez la fiche m\u00e9tier \u00e0 votre panier.<\/li>\n<li>Lors de la validation de la commande, vous pourrez s\u00e9lectionner le nombre de paiement souhait\u00e9.<\/li>\n<li>Recevez votre contrat d\u2019engagement ainsi que votre facture acquitt\u00e9e.<\/li>\n<\/ol>\n<p>[\/et_pb_accordion_item][\/et_pb_accordion][\/et_pb_column][\/et_pb_row][et_pb_row _builder_version=&#8221;4.20.4&#8243; _module_preset=&#8221;default&#8221; global_colors_info=&#8221;{}&#8221;][et_pb_column type=&#8221;4_4&#8243; _builder_version=&#8221;4.20.4&#8243; _module_preset=&#8221;default&#8221; global_colors_info=&#8221;{}&#8221;][et_pb_text _builder_version=&#8221;4.21.0&#8243; _module_preset=&#8221;default&#8221; hover_enabled=&#8221;0&#8243; global_colors_info=&#8221;{}&#8221; sticky_enabled=&#8221;0&#8243; link_option_url_new_window=&#8221;on&#8221;]<\/p>\n<h3>Sources :<\/h3>\n<p><sup>1<\/sup><span>\u00a0<\/span><a href=\"https:\/\/travail-emploi.gouv.fr\/formation-professionnelle\/droit-a-la-formation-et-orientation-professionnelle\/compte-personnel-formation#:~:text=la%20formation%20financ%C3%A9e%20dans%20le%20cadre%20du%20Compte,doit%20demander%20une%20autorisation%20d%E2%80%99absence%20%C3%A0%20son%20employeur.\" target=\"_blank\" rel=\"noopener\">https:\/\/travail-emploi.gouv.fr\/<\/a><br \/><sup>2<\/sup><span>\u00a0<\/span><a href=\"https:\/\/www.agefiph.fr\/\" target=\"_blank\" rel=\"noopener\">https:\/\/www.agefiph.fr\/<\/a><br \/><sup>3<\/sup><a href=\"https:\/\/www.francetravail.fr\/\" target=\"_blank\" rel=\"noopener\"><span>\u00a0<\/span>https:\/\/www.francetravail.fr\/<\/a><br \/><sup>4<\/sup><span>\u00a0<\/span><a href=\"https:\/\/www.service-public.fr\/particuliers\/vosdroits\/F14018\" target=\"_blank\" rel=\"noopener\">https:\/\/www.service-public.fr\/<\/a><br \/><sup>5<\/sup><span>\u00a0<\/span><a href=\"https:\/\/ifpnl.fr\/\" target=\"_blank\" rel=\"noopener\">https:\/\/ifpnl.fr\/<\/a><\/p>\n<p>[\/et_pb_text][\/et_pb_column][\/et_pb_row][\/et_pb_section]<\/p>\n","protected":false},"excerpt":{"rendered":"<p>Financement formation en s\u00e9curit\u00e9 priv\u00e9e : \u00e0 chacun son dispositif pour construire son avenir pro Vous cherchez une formation financ\u00e9e par l\u2019Etat pour construire votre carri\u00e8re professionnelle et apprendre un m\u00e9tier dans le secteur de la s\u00e9curit\u00e9, s\u00fbret\u00e9, pr\u00e9vention, incendie? . Trouvez ci-dessous le dispositif adapt\u00e9 \u00e0 votre situation personnelle pour vous former et obtenir [&hellip;]<\/p>\n","protected":false},"author":1,"featured_media":0,"parent":0,"menu_order":0,"comment_status":"closed","ping_status":"closed","template":"","meta":{"_et_pb_use_builder":"on","_et_pb_old_content":"<!-- wp:heading {\"textAlign\":\"center\",\"style\":{\"typography\":{\"fontSize\":\"19px\"}}} -->\n<h2 class=\"wp-block-heading has-text-align-center\" style=\"font-size:19px\">Vous voulez devenir agent APS, SST, SSIAP 1\/2\/3 et vous recherchez un financement afin de r\u00e9aliser votre projet professionnel<\/h2>\n<!-- \/wp:heading -->\n\n<!-- wp:paragraph {\"align\":\"center\",\"style\":{\"typography\":{\"fontSize\":\"19px\"}}} -->\n<p class=\"has-text-align-center\" style=\"font-size:19px\"><strong>D\u00e9couvrez les financements auxquels vous avez droit<\/strong><\/p>\n<!-- \/wp:paragraph -->\n\n<!-- wp:spacer {\"height\":\"49px\"} -->\n<div style=\"height:49px\" aria-hidden=\"true\" class=\"wp-block-spacer\"><\/div>\n<!-- \/wp:spacer -->\n\n<!-- wp:kadence\/accordion {\"uniqueID\":\"_86a405-cf\",\"paneCount\":5,\"contentBgColor\":\"#ffffff\",\"contentBorderStyle\":[{\"top\":[\"\",\"\",0],\"right\":[\"\",\"\",0],\"bottom\":[\"\",\"\",0],\"left\":[\"\",\"\",0],\"unit\":\"px\"}],\"titleStyles\":[{\"size\":[\"\",\"\",\"\"],\"sizeType\":\"px\",\"lineHeight\":[\"\",\"\",\"\"],\"lineType\":\"\",\"letterSpacing\":\"\",\"family\":\"\",\"google\":\"\",\"style\":\"\",\"weight\":\"\",\"variant\":\"\",\"subset\":\"\",\"loadGoogle\":true,\"padding\":[14,16,14,16],\"marginTop\":10,\"color\":\"#555555\",\"background\":\"#f2f2f2\",\"border\":[\"\",\"\",\"\",\"\"],\"borderRadius\":[\"\",\"\",\"\",\"\"],\"borderWidth\":[\"\",\"\",\"\",\"\"],\"colorHover\":\"#444444\",\"backgroundHover\":\"#eeeeee\",\"borderHover\":[\"\",\"\",\"\",\"\"],\"colorActive\":\"#ffffff\",\"backgroundActive\":\"#0e45f3\",\"borderActive\":[\"\",\"\",\"\",\"\"],\"textTransform\":\"\"}],\"titleBorder\":[{\"top\":[\"#f2f2f2\",\"\",0],\"right\":[\"#f2f2f2\",\"\",0],\"bottom\":[\"#f2f2f2\",\"\",0],\"left\":[\"#f2f2f2\",\"\",0],\"unit\":\"px\"}],\"titleBorderHover\":[{\"top\":[\"#eeeeee\",\"\",\"\"],\"right\":[\"#eeeeee\",\"\",\"\"],\"bottom\":[\"#eeeeee\",\"\",\"\"],\"left\":[\"#eeeeee\",\"\",\"\"],\"unit\":\"px\"}],\"titleBorderActive\":[{\"top\":[\"#f3690e\",\"\",\"\"],\"right\":[\"#f3690e\",\"\",\"\"],\"bottom\":[\"#f3690e\",\"\",\"\"],\"left\":[\"#f3690e\",\"\",\"\"],\"unit\":\"px\"}],\"titleBorderRadius\":[6,6,6,6]} -->\n<div class=\"wp-block-kadence-accordion alignnone\"><div class=\"kt-accordion-wrap kt-accordion-id_86a405-cf kt-accordion-has-5-panes kt-active-pane-0 kt-accordion-block kt-pane-header-alignment-left kt-accodion-icon-style-basic kt-accodion-icon-side-right\" style=\"max-width:none\"><div class=\"kt-accordion-inner-wrap\" data-allow-multiple-open=\"false\" data-start-open=\"0\"><!-- wp:kadence\/pane {\"uniqueID\":\"_fab4da-8c\"} -->\n<div class=\"wp-block-kadence-pane kt-accordion-pane kt-accordion-pane-1 kt-pane_fab4da-8c\"><div class=\"kt-accordion-header-wrap\"><button class=\"kt-blocks-accordion-header kt-acccordion-button-label-show\"><span class=\"kt-blocks-accordion-title-wrap\"><span class=\"kt-blocks-accordion-title\"><strong>Demandeur d'emploi : \u00e0 vous le financement formation P\u00f4le Emploi, CPF, AIF, Conseil R\u00e9gional<\/strong><\/span><\/span><span class=\"kt-blocks-accordion-icon-trigger\"><\/span><\/button><\/div><div class=\"kt-accordion-panel\"><div class=\"kt-accordion-panel-inner\"><!-- wp:list -->\n<ul><!-- wp:list-item {\"style\":{\"typography\":{\"fontSize\":\"15px\"}}} -->\n<li style=\"font-size:15px\"><strong>Le financement formation CPF (Compte Personnel de Formation)<\/strong>. Le CPF a pris la succession du DIF en 2015. Il permet de financer ses heures de formation. Il est d\u00e9sormais cr\u00e9dit\u00e9 en euros et ouvert aux personnes \u00e2g\u00e9es de 16 \u00e0 65 ans. Pour connaitre les modalit\u00e9s d\u2019attribution de montant, consultez le lien source1 en bas de page<\/li>\n<!-- \/wp:list-item -->\n\n<!-- wp:list-item {\"style\":{\"typography\":{\"fontSize\":\"15px\"}}} -->\n<li style=\"font-size:15px\"><strong>L\u2019AIF financement formation (Aide Individuel \u00e0 la Formation)<\/strong>. L\u2019AIF est un dispositif mis en place par P\u00f4le Emploi permettant d\u2019aider les ch\u00f4meurs indemnis\u00e9s. En contactant votre conseiller, celui-ci peut vous aider \u00e0 instituer votre dossier de financement au titre de l\u2019AIF.<\/li>\n<!-- \/wp:list-item -->\n\n<!-- wp:list-item {\"style\":{\"typography\":{\"fontSize\":\"15px\"}}} -->\n<li style=\"font-size:15px\"><strong>Le financement formation par le Conseil R\u00e9gional ou G\u00e9n\u00e9ral<\/strong>. Le Conseil R\u00e9gional ou G\u00e9n\u00e9ral de votre d\u00e9partement peut vous aider \u00e0 financer votre formation. Ces aides s\u2019adressent aux demandeurs d\u2019emploi inscrits \u00e0 P\u00f4le emploi, d\u00e9tenteurs d\u2019une attestation d\u00e9livr\u00e9e par P\u00f4le emploi et en cours de validit\u00e9. Contactez-nous pour obtenir plus d\u2019informations.<\/li>\n<!-- \/wp:list-item -->\n\n<!-- wp:list-item {\"style\":{\"typography\":{\"fontSize\":\"15px\"}}} -->\n<li style=\"font-size:15px\"><strong>Le financement formation par l\u2019Agefiph\u00b2<\/strong>. L\u2019Agefiph est le fond de financement pour les personnes atteintes d\u2019un handicap. Si vous \u00eates reconnu travailleur handicap\u00e9, vous pouvez faire une demande d\u2019aide au financement aupr\u00e8s de cet organisme.<\/li>\n<!-- \/wp:list-item --><\/ul>\n<!-- \/wp:list -->\n\n<!-- wp:paragraph {\"style\":{\"typography\":{\"fontSize\":\"15px\"}}} -->\n<p style=\"font-size:15px\"><strong>NB :<\/strong>&nbsp;il existe une multitude de possibilit\u00e9s de financement de formation par P\u00f4le Emploi : seul votre conseiller pourra vous d\u00e9tailler les diff\u00e9rents dispositifs auxquels vous \u00eates \u00e9ligibles3 (allocation d\u2019Aide au Retour \u00e0 l\u2019Emploi Formation \u2013 AREF, r\u00e9mun\u00e9ration de fin de formation \u2013 RFF, allocation sp\u00e9cifique de solidarit\u00e9, r\u00e9mun\u00e9ration de formation P\u00f4le emploi \u2013 RFPE, etc.).<\/p>\n<!-- \/wp:paragraph --><\/div><\/div><\/div>\n<!-- \/wp:kadence\/pane -->\n\n<!-- wp:kadence\/pane {\"id\":3,\"uniqueID\":\"_5e95e2-93\"} -->\n<div class=\"wp-block-kadence-pane kt-accordion-pane kt-accordion-pane-3 kt-pane_5e95e2-93\"><div class=\"kt-accordion-header-wrap\"><button class=\"kt-blocks-accordion-header kt-acccordion-button-label-show\"><span class=\"kt-blocks-accordion-title-wrap\"><span class=\"kt-blocks-accordion-title\"><strong>Vous \u00eates salari\u00e9 en CDI ou CDD, int\u00e9rimaire ? CPF, CIF, permettent de financer votre projet pro<\/strong><\/span><\/span><span class=\"kt-blocks-accordion-icon-trigger\"><\/span><\/button><\/div><div class=\"kt-accordion-panel\"><div class=\"kt-accordion-panel-inner\"><!-- wp:paragraph {\"style\":{\"typography\":{\"fontSize\":\"15px\"}}} -->\n<p style=\"font-size:15px\">Vous \u00eates employ\u00e9 dans la&nbsp;<strong>s\u00e9curit\u00e9<\/strong>&nbsp;et vous souhaitez \u00e9voluer ? Vous travaillez mais vous aimeriez changer de secteur d\u2019activit\u00e9 pour les m\u00e9tiers de la s\u00e9curit\u00e9 priv\u00e9e ? Faites une demande de PTP ou utilisez votre CPF pour le financement de votre formation !<\/p>\n<!-- \/wp:paragraph -->\n\n<!-- wp:list -->\n<ul><!-- wp:list-item {\"style\":{\"typography\":{\"fontSize\":\"15px\"}}} -->\n<li style=\"font-size:15px\"><strong>Le financement formation avec CPF (Compte Personnel de Formation)<\/strong>. Le CPF a pris la succession du DIF en 2015.Pour en b\u00e9n\u00e9ficier, il vous suffit de cr\u00e9er un compte sur le site officiel moncompteformation.gouv.fr et de mobiliser vos heures en s\u00e9lectionnant la fiche m\u00e9tier SIGROUPE souhait\u00e9e1.<\/li>\n<!-- \/wp:list-item -->\n\n<!-- wp:list-item {\"style\":{\"typography\":{\"fontSize\":\"15px\"}}} -->\n<li style=\"font-size:15px\"><strong>Le financement formation avec PTP (Projet de Transition Professionnelle)<sup>4<\/sup>.<\/strong>&nbsp;C\u2019est l\u2019ex-financement formation avec CIF (Cong\u00e9 Individuel de Formation qui a disparu en 2019). Le PTP est une solution de financement par le biais du Fongecif, l\u2019Opacif ou l\u2019OPCO de votre employeur. Quelque soit l\u2019organisme choisi, votre employeur paye une cotisation pour le financement de votre formation. Dans ce cadre, un maintien de salaire \u00e0 hauteur de deux fois le SMIC est possible. Au-del\u00e0, le salaire est maintenu entre 80 et 90 %.<\/li>\n<!-- \/wp:list-item -->\n\n<!-- wp:list-item {\"style\":{\"typography\":{\"fontSize\":\"15px\"}}} -->\n<li style=\"font-size:15px\"><strong>Le financement formation FAFTT (Fond d\u2019Assurance Formation du Travail Temporaire)<\/strong>&nbsp;d\u00e9sormais connu sous le nom de AKTO (ancien OPCO \u2013 op\u00e9rateurs de comp\u00e9tences) pour les salari\u00e9s int\u00e9rimaires : nos formations peuvent \u00eatre financ\u00e9es via cet organisme avec le CPF, le CPF de transition, le POE (Pr\u00e9paration Op\u00e9rationnelle \u00e0 l\u2019Emploi) ou dans le cadre d\u2019un VAE (Validation des Acquis de l\u2019Exp\u00e9rience).<\/li>\n<!-- \/wp:list-item --><\/ul>\n<!-- \/wp:list --><\/div><\/div><\/div>\n<!-- \/wp:kadence\/pane --><\/div><\/div><\/div>\n<!-- \/wp:kadence\/accordion -->\n\n<!-- wp:spacer {\"height\":\"27px\"} -->\n<div style=\"height:27px\" aria-hidden=\"true\" class=\"wp-block-spacer\"><\/div>\n<!-- \/wp:spacer -->\n\n<!-- wp:paragraph {\"style\":{\"typography\":{\"fontSize\":\"15px\"}}} -->\n<p style=\"font-size:15px\"><strong>Contactez nous afin d'\u00e9tudier ensemble le meilleur financement possible<\/strong><\/p>\n<!-- \/wp:paragraph -->\n\n<!-- wp:heading {\"level\":3,\"style\":{\"typography\":{\"fontSize\":\"15px\"}}} -->\n<h3 class=\"wp-block-heading\" style=\"font-size:15px\">Sources :<\/h3>\n<!-- \/wp:heading -->\n\n<!-- wp:paragraph {\"style\":{\"typography\":{\"fontSize\":\"15px\"}}} -->\n<p style=\"font-size:15px\"><sup>1<\/sup>&nbsp;<a href=\"https:\/\/travail-emploi.gouv.fr\/formation-professionnelle\/droit-a-la-formation-et-orientation-professionnelle\/compte-personnel-formation#:~:text=la%20formation%20financ%C3%A9e%20dans%20le%20cadre%20du%20Compte,doit%20demander%20une%20autorisation%20d%E2%80%99absence%20%C3%A0%20son%20employeur.\" target=\"_blank\" rel=\"noreferrer noopener\">https:\/\/travail-emploi.gouv.fr\/<\/a><br><sup>2<\/sup>&nbsp;<a href=\"https:\/\/www.agefiph.fr\/\" target=\"_blank\" rel=\"noreferrer noopener\">https:\/\/www.agefiph.fr\/<\/a><br><sup>3<\/sup>&nbsp;<a href=\"https:\/\/www.pole-emploi.fr\/candidat\/en-formation\/definir-vos-besoins\/financer-ma-formation.html\" target=\"_blank\" rel=\"noreferrer noopener\">https:\/\/www.pole-emploi.fr\/<\/a><br><sup>4<\/sup>&nbsp;<a href=\"https:\/\/www.service-public.fr\/particuliers\/vosdroits\/F14018\" target=\"_blank\" rel=\"noreferrer noopener\">https:\/\/www.service-public.fr\/<\/a><br><sup>5<\/sup>&nbsp;<a href=\"https:\/\/ifpnl.fr\/\" target=\"_blank\" rel=\"noreferrer noopener\">https:\/\/ifpnl.fr\/<\/a><br><sup>6<\/sup>&nbsp;<a href=\"https:\/\/www.agefiph.fr\/\" target=\"_blank\" rel=\"noreferrer noopener\">https:\/\/www.agefiph.fr\/<\/a><\/p>\n<!-- \/wp:paragraph -->","_et_gb_content_width":""},"_links":{"self":[{"href":"https:\/\/protecformation.fr\/index.php?rest_route=\/wp\/v2\/pages\/302"}],"collection":[{"href":"https:\/\/protecformation.fr\/index.php?rest_route=\/wp\/v2\/pages"}],"about":[{"href":"https:\/\/protecformation.fr\/index.php?rest_route=\/wp\/v2\/types\/page"}],"author":[{"embeddable":true,"href":"https:\/\/protecformation.fr\/index.php?rest_route=\/wp\/v2\/users\/1"}],"replies":[{"embeddable":true,"href":"https:\/\/protecformation.fr\/index.php?rest_route=%2Fwp%2Fv2%2Fcomments&post=302"}],"version-history":[{"count":19,"href":"https:\/\/protecformation.fr\/index.php?rest_route=\/wp\/v2\/pages\/302\/revisions"}],"predecessor-version":[{"id":1171,"href":"https:\/\/protecformation.fr\/index.php?rest_route=\/wp\/v2\/pages\/302\/revisions\/1171"}],"wp:attachment":[{"href":"https:\/\/protecformation.fr\/index.php?rest_route=%2Fwp%2Fv2%2Fmedia&parent=302"}],"curies":[{"name":"wp","href":"https:\/\/api.w.org\/{rel}","templated":true}]}}