{"id":33,"date":"2023-04-04T19:29:56","date_gmt":"2023-04-04T17:29:56","guid":{"rendered":"https:\/\/protecformation.fr\/?page_id=33"},"modified":"2023-06-11T21:18:51","modified_gmt":"2023-06-11T19:18:51","slug":"contactez-nous","status":"publish","type":"page","link":"https:\/\/protecformation.fr\/?page_id=33","title":{"rendered":"Contactez-nous"},"content":{"rendered":"<p>[et_pb_section fb_built=&#8221;1&#8243; admin_label=&#8221;Header&#8221; _builder_version=&#8221;4.21.0&#8243; background_color=&#8221;#FFFFFF&#8221; use_background_color_gradient=&#8221;on&#8221; background_color_gradient_stops=&#8221;rgba(23,0,190,0.9) 0%|rgba(23, 0, 190, 0.3) 0%|rgba(23,0,190,0.3) 100%&#8221; background_color_gradient_overlays_image=&#8221;on&#8221; background_color_gradient_start=&#8221;rgba(23,0,190,0.3)&#8221; background_color_gradient_end=&#8221;rgba(23,0,190,0.9)&#8221; background_enable_image=&#8221;off&#8221; min_height=&#8221;675px&#8221; custom_margin=&#8221;||||false|false&#8221; custom_padding=&#8221;||||false|false&#8221; filter_hue_rotate=&#8221;336deg&#8221; filter_saturate=&#8221;0%&#8221; filter_brightness=&#8221;119%&#8221; filter_contrast=&#8221;95%&#8221; filter_invert=&#8221;1%&#8221; hover_enabled=&#8221;0&#8243; locked=&#8221;off&#8221; global_colors_info=&#8221;{}&#8221; sticky_enabled=&#8221;0&#8243;][et_pb_row _builder_version=&#8221;4.20.4&#8243; _module_preset=&#8221;default&#8221; global_colors_info=&#8221;{}&#8221;][et_pb_column type=&#8221;4_4&#8243; _builder_version=&#8221;4.20.4&#8243; _module_preset=&#8221;default&#8221; global_colors_info=&#8221;{}&#8221;][et_pb_contact_form email=&#8221;protecformationdreux@gmail.com&#8221; title=&#8221;Contactez-nous&#8221; use_redirect=&#8221;on&#8221; redirect_url=&#8221;https:\/\/protecformation.fr\/&#8221; success_message=&#8221;Votre message a \u00e9t\u00e9 envoyer avec succ\u00e8s&#8221; _builder_version=&#8221;4.20.4&#8243; _module_preset=&#8221;default&#8221; _unique_id=&#8221;9bacb054-7195-4162-a57b-d796bb22090c&#8221; form_field_text_color=&#8221;#000000&#8243; form_field_focus_text_color=&#8221;#000000&#8243; title_font=&#8221;Poppins||||||||&#8221; title_text_color=&#8221;#000000&#8243; title_font_size=&#8221;29px&#8221; captcha_text_color=&#8221;#000000&#8243; captcha_font_size=&#8221;18px&#8221; captcha_letter_spacing=&#8221;3px&#8221; form_field_font=&#8221;Poppins||||||||&#8221; form_field_font_size=&#8221;18px&#8221; form_field_line_height=&#8221;1.1em&#8221; custom_button=&#8221;on&#8221; button_text_size=&#8221;28px&#8221; button_text_color=&#8221;#000000&#8243; button_bg_color=&#8221;#0C71C3&#8243; button_border_radius=&#8221;13px&#8221; button_font=&#8221;Poppins||||||||&#8221; global_colors_info=&#8221;{}&#8221;][et_pb_contact_field field_id=&#8221;Nom&#8221; field_title=&#8221;Nom&#8221; _builder_version=&#8221;4.20.4&#8243; global_colors_info=&#8221;{}&#8221; button_text_size__hover_enabled=&#8221;off&#8221; button_one_text_size__hover_enabled=&#8221;off&#8221; button_two_text_size__hover_enabled=&#8221;off&#8221; button_text_color__hover_enabled=&#8221;off&#8221; button_one_text_color__hover_enabled=&#8221;off&#8221; button_two_text_color__hover_enabled=&#8221;off&#8221; button_border_width__hover_enabled=&#8221;off&#8221; button_one_border_width__hover_enabled=&#8221;off&#8221; button_two_border_width__hover_enabled=&#8221;off&#8221; button_border_color__hover_enabled=&#8221;off&#8221; button_one_border_color__hover_enabled=&#8221;off&#8221; button_two_border_color__hover_enabled=&#8221;off&#8221; button_border_radius__hover_enabled=&#8221;off&#8221; button_one_border_radius__hover_enabled=&#8221;off&#8221; button_two_border_radius__hover_enabled=&#8221;off&#8221; button_letter_spacing__hover_enabled=&#8221;off&#8221; button_one_letter_spacing__hover_enabled=&#8221;off&#8221; button_two_letter_spacing__hover_enabled=&#8221;off&#8221; button_bg_color__hover_enabled=&#8221;off&#8221; button_one_bg_color__hover_enabled=&#8221;off&#8221; button_two_bg_color__hover_enabled=&#8221;off&#8221;][\/et_pb_contact_field][et_pb_contact_field field_id=&#8221;Pr\u00e9nom&#8221; field_title=&#8221;Pr\u00e9nom&#8221; _builder_version=&#8221;4.20.4&#8243; global_colors_info=&#8221;{}&#8221; button_text_size__hover_enabled=&#8221;off&#8221; button_one_text_size__hover_enabled=&#8221;off&#8221; button_two_text_size__hover_enabled=&#8221;off&#8221; button_text_color__hover_enabled=&#8221;off&#8221; button_one_text_color__hover_enabled=&#8221;off&#8221; button_two_text_color__hover_enabled=&#8221;off&#8221; button_border_width__hover_enabled=&#8221;off&#8221; button_one_border_width__hover_enabled=&#8221;off&#8221; button_two_border_width__hover_enabled=&#8221;off&#8221; button_border_color__hover_enabled=&#8221;off&#8221; button_one_border_color__hover_enabled=&#8221;off&#8221; button_two_border_color__hover_enabled=&#8221;off&#8221; button_border_radius__hover_enabled=&#8221;off&#8221; button_one_border_radius__hover_enabled=&#8221;off&#8221; button_two_border_radius__hover_enabled=&#8221;off&#8221; button_letter_spacing__hover_enabled=&#8221;off&#8221; button_one_letter_spacing__hover_enabled=&#8221;off&#8221; button_two_letter_spacing__hover_enabled=&#8221;off&#8221; button_bg_color__hover_enabled=&#8221;off&#8221; button_one_bg_color__hover_enabled=&#8221;off&#8221; button_two_bg_color__hover_enabled=&#8221;off&#8221;][\/et_pb_contact_field][et_pb_contact_field field_id=&#8221;Email&#8221; field_title=&#8221;Email&#8221; field_type=&#8221;email&#8221; _builder_version=&#8221;4.20.4&#8243; global_colors_info=&#8221;{}&#8221; button_text_size__hover_enabled=&#8221;off&#8221; button_one_text_size__hover_enabled=&#8221;off&#8221; button_two_text_size__hover_enabled=&#8221;off&#8221; button_text_color__hover_enabled=&#8221;off&#8221; button_one_text_color__hover_enabled=&#8221;off&#8221; button_two_text_color__hover_enabled=&#8221;off&#8221; button_border_width__hover_enabled=&#8221;off&#8221; button_one_border_width__hover_enabled=&#8221;off&#8221; button_two_border_width__hover_enabled=&#8221;off&#8221; button_border_color__hover_enabled=&#8221;off&#8221; button_one_border_color__hover_enabled=&#8221;off&#8221; button_two_border_color__hover_enabled=&#8221;off&#8221; button_border_radius__hover_enabled=&#8221;off&#8221; button_one_border_radius__hover_enabled=&#8221;off&#8221; button_two_border_radius__hover_enabled=&#8221;off&#8221; button_letter_spacing__hover_enabled=&#8221;off&#8221; button_one_letter_spacing__hover_enabled=&#8221;off&#8221; button_two_letter_spacing__hover_enabled=&#8221;off&#8221; button_bg_color__hover_enabled=&#8221;off&#8221; button_one_bg_color__hover_enabled=&#8221;off&#8221; button_two_bg_color__hover_enabled=&#8221;off&#8221;][\/et_pb_contact_field][et_pb_contact_field field_id=&#8221;Objet&#8221; field_title=&#8221;Objet&#8221; field_type=&#8221;select&#8221; select_options=&#8221;%91{%22value%22:%22TFP APS%22,%22checked%22:0,%22dragID%22:-1},{%22value%22:%22SSIAP1%22,%22checked%22:0,%22dragID%22:0},{%22value%22:%22SSIAP2%22,%22checked%22:0,%22dragID%22:1},{%22value%22:%22SSIAP3%22,%22checked%22:0,%22dragID%22:2},{%22value%22:%22SST%22,%22checked%22:0,%22dragID%22:3},{%22value%22:%22HOBO%22,%22checked%22:0,%22dragID%22:4},{%22value%22:%22EPI%22,%22checked%22:0,%22dragID%22:5},{%22value%22:%22AUTRE%22,%22checked%22:0,%22dragID%22:6}%93&#8243; _builder_version=&#8221;4.20.4&#8243; global_colors_info=&#8221;{}&#8221; button_text_size__hover_enabled=&#8221;off&#8221; button_one_text_size__hover_enabled=&#8221;off&#8221; button_two_text_size__hover_enabled=&#8221;off&#8221; button_text_color__hover_enabled=&#8221;off&#8221; button_one_text_color__hover_enabled=&#8221;off&#8221; button_two_text_color__hover_enabled=&#8221;off&#8221; button_border_width__hover_enabled=&#8221;off&#8221; button_one_border_width__hover_enabled=&#8221;off&#8221; button_two_border_width__hover_enabled=&#8221;off&#8221; button_border_color__hover_enabled=&#8221;off&#8221; button_one_border_color__hover_enabled=&#8221;off&#8221; button_two_border_color__hover_enabled=&#8221;off&#8221; button_border_radius__hover_enabled=&#8221;off&#8221; button_one_border_radius__hover_enabled=&#8221;off&#8221; button_two_border_radius__hover_enabled=&#8221;off&#8221; button_letter_spacing__hover_enabled=&#8221;off&#8221; button_one_letter_spacing__hover_enabled=&#8221;off&#8221; button_two_letter_spacing__hover_enabled=&#8221;off&#8221; button_bg_color__hover_enabled=&#8221;off&#8221; button_one_bg_color__hover_enabled=&#8221;off&#8221; button_two_bg_color__hover_enabled=&#8221;off&#8221;][\/et_pb_contact_field][et_pb_contact_field field_id=&#8221;Message&#8221; field_title=&#8221;Message&#8221; field_type=&#8221;text&#8221; fullwidth_field=&#8221;on&#8221; _builder_version=&#8221;4.16&#8243; global_colors_info=&#8221;{}&#8221; button_text_size__hover_enabled=&#8221;off&#8221; button_one_text_size__hover_enabled=&#8221;off&#8221; button_two_text_size__hover_enabled=&#8221;off&#8221; button_text_color__hover_enabled=&#8221;off&#8221; button_one_text_color__hover_enabled=&#8221;off&#8221; button_two_text_color__hover_enabled=&#8221;off&#8221; button_border_width__hover_enabled=&#8221;off&#8221; button_one_border_width__hover_enabled=&#8221;off&#8221; button_two_border_width__hover_enabled=&#8221;off&#8221; button_border_color__hover_enabled=&#8221;off&#8221; button_one_border_color__hover_enabled=&#8221;off&#8221; button_two_border_color__hover_enabled=&#8221;off&#8221; button_border_radius__hover_enabled=&#8221;off&#8221; button_one_border_radius__hover_enabled=&#8221;off&#8221; button_two_border_radius__hover_enabled=&#8221;off&#8221; button_letter_spacing__hover_enabled=&#8221;off&#8221; button_one_letter_spacing__hover_enabled=&#8221;off&#8221; button_two_letter_spacing__hover_enabled=&#8221;off&#8221; button_bg_color__hover_enabled=&#8221;off&#8221; button_one_bg_color__hover_enabled=&#8221;off&#8221; button_two_bg_color__hover_enabled=&#8221;off&#8221;][\/et_pb_contact_field][\/et_pb_contact_form][\/et_pb_column][\/et_pb_row][\/et_pb_section]<\/p>\n","protected":false},"excerpt":{"rendered":"","protected":false},"author":1,"featured_media":0,"parent":0,"menu_order":0,"comment_status":"closed","ping_status":"closed","template":"","meta":{"_et_pb_use_builder":"on","_et_pb_old_content":"<!-- wp:kadence\/form {\"uniqueID\":\"_9482b1-c5\",\"postID\":\"33\",\"fields\":[{\"label\":\"Nom\",\"showLabel\":true,\"placeholder\":\"\",\"default\":\"\",\"description\":\"\",\"rows\":4,\"options\":[{\"value\":\"\",\"label\":\"\"}],\"multiSelect\":false,\"inline\":false,\"showLink\":false,\"min\":\"\",\"max\":\"\",\"type\":\"text\",\"required\":true,\"width\":[\"100\",\"\",\"\"],\"auto\":\"\",\"errorMessage\":\"\",\"requiredMessage\":\"\",\"slug\":\"\",\"ariaLabel\":\"\"},{\"label\":\"Pr\u00e9nom\",\"showLabel\":true,\"placeholder\":\"\",\"default\":\"\",\"description\":\"\",\"rows\":4,\"options\":[{\"value\":\"\",\"label\":\"\"}],\"multiSelect\":false,\"inline\":false,\"showLink\":false,\"min\":\"\",\"max\":\"\",\"type\":\"text\",\"required\":true,\"width\":[\"100\",\"\",\"\"],\"auto\":\"\",\"errorMessage\":\"\",\"requiredMessage\":\"\",\"slug\":\"\",\"ariaLabel\":\"\"},{\"label\":\"Email\",\"showLabel\":true,\"placeholder\":\"\",\"default\":\"\",\"description\":\"\",\"rows\":4,\"options\":[{\"value\":\"\",\"label\":\"\"}],\"multiSelect\":false,\"inline\":false,\"showLink\":false,\"min\":\"\",\"max\":\"\",\"type\":\"email\",\"required\":true,\"width\":[\"100\",\"\",\"\"],\"auto\":\"\",\"errorMessage\":\"\",\"requiredMessage\":\"\",\"slug\":\"\",\"ariaLabel\":\"\"},{\"label\":\"Objet\",\"showLabel\":true,\"placeholder\":\"\",\"default\":\"\",\"description\":\"\",\"rows\":4,\"options\":[{\"value\":\"\",\"label\":\"\"}],\"multiSelect\":false,\"inline\":false,\"showLink\":false,\"min\":\"\",\"max\":\"\",\"type\":\"text\",\"required\":false,\"width\":[\"100\",\"\",\"\"],\"auto\":\"\",\"errorMessage\":\"\",\"requiredMessage\":\"\",\"slug\":\"\",\"ariaLabel\":\"\"},{\"label\":\"Message\",\"showLabel\":true,\"placeholder\":\"\",\"default\":\"\",\"description\":\"\",\"rows\":4,\"options\":[{\"value\":\"\",\"label\":\"\"}],\"multiSelect\":false,\"inline\":false,\"showLink\":false,\"min\":\"\",\"max\":\"\",\"type\":\"textarea\",\"required\":true,\"width\":[\"100\",\"\",\"\"],\"auto\":\"\",\"errorMessage\":\"\",\"requiredMessage\":\"\",\"slug\":\"\",\"ariaLabel\":\"\"}],\"messages\":[{\"success\":\"votre message a \u00e9t\u00e9 transmis avec succ\u00e9s\",\"error\":\"\",\"required\":\"\",\"invalid\":\"\",\"recaptchaerror\":\"\",\"preError\":\"\"}],\"style\":[{\"showRequired\":true,\"size\":\"small\",\"deskPadding\":[\"\",\"\",\"\",\"\"],\"tabletPadding\":[\"\",\"\",\"\",\"\"],\"mobilePadding\":[\"\",\"\",\"\",\"\"],\"color\":\"\",\"requiredColor\":\"\",\"background\":\"\",\"border\":\"\",\"backgroundOpacity\":1,\"borderOpacity\":1,\"borderRadius\":9,\"borderWidth\":[2,2,2,2],\"colorActive\":\"\",\"backgroundActive\":\"\",\"borderActive\":\"\",\"backgroundActiveOpacity\":1,\"borderActiveOpacity\":1,\"gradient\":[\"#999999\",1,0,100,\"linear\",180,\"center center\"],\"gradientActive\":[\"#777777\",1,0,100,\"linear\",180,\"center center\"],\"backgroundType\":\"solid\",\"backgroundActiveType\":\"solid\",\"boxShadow\":[false,\"#000000\",0.2,1,1,2,0,false],\"boxShadowActive\":[false,\"#000000\",0.4,2,2,3,0,false],\"fontSize\":[\"sm\",\"\",\"\"],\"fontSizeType\":\"px\",\"lineHeight\":[\"\",\"\",\"\"],\"lineType\":\"px\",\"rowGap\":\"\",\"rowGapType\":\"px\",\"gutter\":\"\",\"gutterType\":\"px\",\"tabletRowGap\":\"\",\"mobileRowGap\":\"\",\"tabletGutter\":\"\",\"mobileGutter\":\"\"}],\"submit\":[{\"label\":\"\",\"width\":[\"100\",\"\",\"\"],\"size\":\"small\",\"widthType\":\"fixed\",\"fixedWidth\":[145,\"\",\"\"],\"align\":[\"\",\"\",\"\"],\"deskPadding\":[\"\",\"\",\"\",\"\"],\"tabletPadding\":[\"\",\"\",\"\",\"\"],\"mobilePadding\":[\"\",\"\",\"\",\"\"],\"color\":\"\",\"background\":\"\",\"border\":\"\",\"backgroundOpacity\":1,\"borderOpacity\":1,\"borderRadius\":23,\"borderWidth\":[\"\",\"\",\"\",\"\"],\"colorHover\":\"\",\"backgroundHover\":\"\",\"borderHover\":\"\",\"backgroundHoverOpacity\":1,\"borderHoverOpacity\":1,\"icon\":\"\",\"iconSide\":\"right\",\"iconHover\":false,\"cssClass\":\"\",\"gradient\":[\"#999999\",1,0,100,\"linear\",180,\"center center\"],\"gradientHover\":[\"#777777\",1,0,100,\"linear\",180,\"center center\"],\"btnStyle\":\"basic\",\"btnSize\":\"standard\",\"backgroundType\":\"solid\",\"backgroundHoverType\":\"solid\",\"boxShadow\":[false,\"#000000\",0.2,1,1,2,0,false],\"boxShadowHover\":[false,\"#000000\",0.4,2,2,3,0,false]}],\"email\":[{\"emailTo\":\"protecformationdreux@gmail.com\",\"subject\":\"\",\"fromEmail\":\"\",\"fromName\":\"\",\"replyTo\":\"email_field\",\"cc\":\"\",\"bcc\":\"\",\"html\":true}],\"recaptchaVersion\":\"v2\"} -->\n<div class=\"wp-block-kadence-form kadence-form-_9482b1-c5 kb-form-wrap\"><form class=\"kb-form\" action=\"\" method=\"post\"><div class=\"kadence-blocks-form-field kb-field-desk-width-100 kb-input-size-small\"><label for=\"kb_field__9482b1-c5_0\">Nom<span class=\"required\">*<\/span><\/label><input name=\"kb_field_0\" id=\"kb_field__9482b1-c5_0\" data-label=\"Nom\" type=\"text\" placeholder=\"\" value=\"\" data-type=\"text\" class=\"kb-field kb-text-style-field kb-text-field kb-field-0\" data-required=\"yes\"><\/div><div class=\"kadence-blocks-form-field kb-form-field-1 kb-field-desk-width-100 kb-input-size-small\"><label for=\"kb_field__9482b1-c5_1\">Pr\u00e9nom<span class=\"required\">*<\/span><\/label><input name=\"kb_field_1\" id=\"kb_field__9482b1-c5_1\" data-label=\"Pr\u00e9nom\" type=\"text\" placeholder=\"\" value=\"\" data-type=\"text\" class=\"kb-field kb-text-style-field kb-text-field kb-field-1\" data-required=\"yes\"><\/div><div class=\"kadence-blocks-form-field kb-form-field-2 kb-field-desk-width-100 kb-input-size-small\"><label for=\"kb_field__9482b1-c5_2\">Email<span class=\"required\">*<\/span><\/label><input name=\"kb_field_2\" id=\"kb_field__9482b1-c5_2\" data-label=\"Email\" type=\"email\" placeholder=\"\" value=\"\" data-type=\"email\" class=\"kb-field kb-text-style-field kb-email-field kb-field-2\" data-required=\"yes\"><\/div><div class=\"kadence-blocks-form-field kb-form-field-3 kb-field-desk-width-100 kb-input-size-small\"><label for=\"kb_field__9482b1-c5_3\">Objet<\/label><input name=\"kb_field_3\" id=\"kb_field__9482b1-c5_3\" data-label=\"Objet\" type=\"text\" placeholder=\"\" value=\"\" data-type=\"text\" class=\"kb-field kb-text-style-field kb-text-field kb-field-3\"><\/div><div class=\"kadence-blocks-form-field kb-form-field-4 kb-field-desk-width-100 kb-input-size-small\"><label for=\"kb_field__9482b1-c5_4\">Message<span class=\"required\">*<\/span><\/label><textarea name=\"kb_field_4\" id=\"kb_field__9482b1-c5_4\" data-label=\"Message\" type=\"textarea\" placeholder=\"\" data-type=\"textarea\" class=\"kb-field kb-text-style-field kb-textarea-field kb-field-4\" rows=\"4\" data-required=\"yes\"><\/textarea><\/div><input type=\"hidden\" name=\"_kb_form_id\" value=\"_9482b1-c5\"><input type=\"hidden\" name=\"_kb_form_post_id\" value=\"33\"><input type=\"hidden\" name=\"action\" value=\"kb_process_ajax_submit\"><input class=\"kadence-blocks-field verify\" type=\"text\" name=\"_kb_verify_email\" autocomplete=\"off\" aria-hidden=\"true\" placeholder=\"Email\" tabindex=\"-1\"><div class=\"kadence-blocks-form-field kb-submit-field kb-field-desk-width-100\"><button class=\"kb-forms-submit button kb-button-size-small kb-button-width-fixed\">Submit<\/button><\/div><\/form><\/div>\n<!-- \/wp:kadence\/form -->\n\n<!-- wp:paragraph -->\n<p>J'accepte les&nbsp;<a rel=\"noreferrer noopener\" href=\"https:\/\/protecformation.fr\/?page_id=33\" target=\"_blank\">Conditions G\u00e9n\u00e9rales d'Utilisations<\/a><br>J'accepte les&nbsp;<a href=\"https:\/\/protecformation.fr\/?page_id=275\" target=\"_blank\" rel=\"noreferrer noopener\">Conditions G\u00e9n\u00e9rales de Ventes<\/a><br>J'accepte d'\u00eatre recontact\u00e9 par&nbsp;Protec Formation&nbsp;dans le cadre de ma demande<\/p>\n<!-- \/wp:paragraph -->","_et_gb_content_width":""},"_links":{"self":[{"href":"https:\/\/protecformation.fr\/index.php?rest_route=\/wp\/v2\/pages\/33"}],"collection":[{"href":"https:\/\/protecformation.fr\/index.php?rest_route=\/wp\/v2\/pages"}],"about":[{"href":"https:\/\/protecformation.fr\/index.php?rest_route=\/wp\/v2\/types\/page"}],"author":[{"embeddable":true,"href":"https:\/\/protecformation.fr\/index.php?rest_route=\/wp\/v2\/users\/1"}],"replies":[{"embeddable":true,"href":"https:\/\/protecformation.fr\/index.php?rest_route=%2Fwp%2Fv2%2Fcomments&post=33"}],"version-history":[{"count":46,"href":"https:\/\/protecformation.fr\/index.php?rest_route=\/wp\/v2\/pages\/33\/revisions"}],"predecessor-version":[{"id":1027,"href":"https:\/\/protecformation.fr\/index.php?rest_route=\/wp\/v2\/pages\/33\/revisions\/1027"}],"wp:attachment":[{"href":"https:\/\/protecformation.fr\/index.php?rest_route=%2Fwp%2Fv2%2Fmedia&parent=33"}],"curies":[{"name":"wp","href":"https:\/\/api.w.org\/{rel}","templated":true}]}}