{"id":390,"date":"2023-04-08T06:31:59","date_gmt":"2023-04-08T04:31:59","guid":{"rendered":"https:\/\/protecformation.fr\/?page_id=390"},"modified":"2025-09-04T10:45:05","modified_gmt":"2025-09-04T08:45:05","slug":"accueil-2","status":"publish","type":"page","link":"https:\/\/protecformation.fr\/","title":{"rendered":"Accueil"},"content":{"rendered":"<p>[et_pb_section fb_built=&#8221;1&#8243; admin_label=&#8221;Header&#8221; _builder_version=&#8221;4.21.0&#8243; background_image=&#8221;http:\/\/protecformation.fr\/wp-content\/uploads\/2023\/06\/secur.jpg&#8221; parallax=&#8221;on&#8221; background_blend=&#8221;darken&#8221; custom_padding=&#8221;10vw||0vw||false|false&#8221; global_colors_info=&#8221;{}&#8221;][et_pb_row _builder_version=&#8221;4.21.0&#8243; locked=&#8221;off&#8221; global_colors_info=&#8221;{}&#8221;][et_pb_column type=&#8221;4_4&#8243; _builder_version=&#8221;4.21.0&#8243; background_enable_color=&#8221;off&#8221; global_colors_info=&#8221;{}&#8221;][et_pb_text _builder_version=&#8221;4.21.0&#8243; text_font=&#8221;Alice||||||||&#8221; text_font_size=&#8221;15px&#8221; text_line_height=&#8221;1.8em&#8221; header_2_font=&#8221;Kanit|700||on|||||&#8221; header_2_text_align=&#8221;center&#8221; header_2_font_size=&#8221;80px&#8221; header_2_letter_spacing=&#8221;12px&#8221; header_2_line_height=&#8221;1.2em&#8221; text_orientation=&#8221;center&#8221; background_layout=&#8221;dark&#8221; module_alignment=&#8221;center&#8221; header_2_font_size_tablet=&#8221;60px&#8221; header_2_font_size_phone=&#8221;38px&#8221; header_2_font_size_last_edited=&#8221;on|phone&#8221; text_text_shadow_style=&#8221;preset1&#8243; locked=&#8221;off&#8221; inline_fonts=&#8221;Alice&#8221; global_colors_info=&#8221;{}&#8221;]<\/p>\n<h2><span style=\"color: #ffffff;\"><strong><span style=\"font-family: Alice; font-size: xx-large;\">PROTEC FORMATION<\/span><\/strong><\/span><\/h2>\n<p>[\/et_pb_text][et_pb_text _builder_version=&#8221;4.21.0&#8243; _module_preset=&#8221;default&#8221; text_font=&#8221;Alice||||||||&#8221; text_text_color=&#8221;#FFFFFF&#8221; text_font_size=&#8221;18px&#8221; text_line_height=&#8221;1.8em&#8221; ul_text_align=&#8221;center&#8221; header_font=&#8221;Alice||||||||&#8221; header_text_align=&#8221;center&#8221; header_line_height=&#8221;1.8em&#8221; text_orientation=&#8221;center&#8221; background_layout=&#8221;dark&#8221; global_colors_info=&#8221;{}&#8221;]<\/p>\n<p><span style=\"color: #ffffff;\">Sp\u00e9cialis\u00e9 dans le domaine de la s\u00e9curit\u00e9 priv\u00e9e et incendie<br \/>D\u00e9couvrez notre centre de formation aux m\u00e9tiers de s\u00e9curit\u00e9 et pr\u00e9parez-vous \u00e0 une carri\u00e8re passionnante et valorisante dans le domaine de la s\u00e9curit\u00e9 !<br \/>Chez Protec Formation, nous sommes d\u00e9termin\u00e9s \u00e0 vous offrir une formation de qualit\u00e9 pour vous aider \u00e0 atteindre vos objectifs professionnels dans le secteur de la s\u00e9curit\u00e9, notre programme de formation est con\u00e7u pour vous fournir les comp\u00e9tences et les connaissances n\u00e9cessaires pour r\u00e9ussir.<br \/>Notre \u00e9quipe de formateurs exp\u00e9riment\u00e9s, compos\u00e9e d&#8217;experts de la s\u00e9curit\u00e9, vous guidera \u00e0 travers un curriculum complet et actualis\u00e9, bas\u00e9 sur les meilleures pratiques et les normes du secteur. Vous aurez l&#8217;occasion d&#8217;apprendre \u00e0 travers des cours th\u00e9oriques, des exercices pratiques, des simulations r\u00e9alistes et des mises en situation concr\u00e8tes, vous permettant d&#8217;acqu\u00e9rir une exp\u00e9rience pratique et de vous pr\u00e9parer aux d\u00e9fis du monde r\u00e9el.<\/span><\/p>\n<p>[\/et_pb_text][et_pb_button button_url=&#8221;https:\/\/protecformation.fr\/?page_id=2&#8243; button_text=&#8221;Voir nos offres&#8221; button_alignment=&#8221;center&#8221; _builder_version=&#8221;4.20.4&#8243; custom_button=&#8221;on&#8221; button_bg_color=&#8221;rgba(0,0,0,0)&#8221; button_border_color=&#8221;#ffffff&#8221; button_border_radius=&#8221;15px&#8221; button_font=&#8221;Kanit|700|||||||&#8221; button_icon=&#8221;&#x24;||divi||400&#8243; background_layout=&#8221;dark&#8221; custom_padding=&#8221;15px|40px|15px|40px|true|true&#8221; locked=&#8221;off&#8221; global_colors_info=&#8221;{}&#8221;][\/et_pb_button][et_pb_button button_url=&#8221;https:\/\/protecformation.fr\/?page_id=33&#8243; button_text=&#8221;Prenez rendez-vous&#8221; button_alignment=&#8221;center&#8221; _builder_version=&#8221;4.20.4&#8243; custom_button=&#8221;on&#8221; button_bg_color=&#8221;#1700bd&#8221; button_border_color=&#8221;rgba(0,0,0,0)&#8221; button_border_radius=&#8221;15px&#8221; button_font=&#8221;Kanit|700|||||||&#8221; button_icon=&#8221;&#x24;||divi||400&#8243; background_layout=&#8221;dark&#8221; custom_padding=&#8221;15px|40px|15px|40px|true|true&#8221; locked=&#8221;off&#8221; global_colors_info=&#8221;{}&#8221;][\/et_pb_button][\/et_pb_column][\/et_pb_row][et_pb_row custom_padding_last_edited=&#8221;on|phone&#8221; _builder_version=&#8221;4.16&#8243; use_background_color_gradient=&#8221;on&#8221; background_color_gradient_direction=&#8221;-45deg&#8221; background_color_gradient_stops=&#8221;#000000 64%|rgba(0,0,0,0) 64%&#8221; background_color_gradient_start=&#8221;#000000&#8243; background_color_gradient_start_position=&#8221;64%&#8221; background_color_gradient_end=&#8221;rgba(0,0,0,0)&#8221; background_color_gradient_end_position=&#8221;0%&#8221; max_width=&#8221;none&#8221; min_height=&#8221;296px&#8221; custom_margin=&#8221;7vw|auto|-101px|auto|false|false&#8221; custom_margin_tablet=&#8221;0px||||false|false&#8221; custom_margin_phone=&#8221;&#8221; custom_margin_last_edited=&#8221;on|phone&#8221; custom_padding=&#8221;65px||65px|40%|true|false&#8221; custom_padding_tablet=&#8221;60px||60px|35%|true|false&#8221; custom_padding_phone=&#8221;40px||40px||true|false&#8221; box_shadow_style=&#8221;preset4&#8243; box_shadow_horizontal=&#8221;30vw&#8221; box_shadow_vertical=&#8221;0px&#8221; box_shadow_color=&#8221;#000000&#8243; global_colors_info=&#8221;{}&#8221;][et_pb_column type=&#8221;4_4&#8243; _builder_version=&#8221;4.16&#8243; global_colors_info=&#8221;{}&#8221;][\/et_pb_column][\/et_pb_row][\/et_pb_section][et_pb_section fb_built=&#8221;1&#8243; custom_padding_last_edited=&#8221;on|tablet&#8221; admin_label=&#8221;About&#8221; _builder_version=&#8221;4.20.4&#8243; background_enable_color=&#8221;off&#8221; use_background_color_gradient=&#8221;on&#8221; background_color_gradient_direction=&#8221;135deg&#8221; background_color_gradient_stops=&#8221;rgba(255,255,255,0) 32%|#ffffff 32%&#8221; background_color_gradient_start=&#8221;rgba(255,255,255,0)&#8221; background_color_gradient_start_position=&#8221;32%&#8221; background_color_gradient_end=&#8221;#ffffff&#8221; background_color_gradient_end_position=&#8221;0%&#8221; background_enable_image=&#8221;off&#8221; background_position=&#8221;top_left&#8221; min_height=&#8221;11.7px&#8221; custom_padding=&#8221;0px||10vw||false|false&#8221; custom_padding_tablet=&#8221;||||false|false&#8221; custom_padding_phone=&#8221;&#8221; global_colors_info=&#8221;{}&#8221;][\/et_pb_section][et_pb_section fb_built=&#8221;1&#8243; admin_label=&#8221;Testimonials&#8221; _builder_version=&#8221;4.21.0&#8243; background_color=&#8221;#040030&#8243; custom_margin=&#8221;-473px|||||&#8221; global_colors_info=&#8221;{}&#8221;][et_pb_row _builder_version=&#8221;4.16&#8243; global_colors_info=&#8221;{}&#8221;][et_pb_column type=&#8221;4_4&#8243; _builder_version=&#8221;4.16&#8243; global_colors_info=&#8221;{}&#8221;][et_pb_code _builder_version=&#8221;4.21.0&#8243; _module_preset=&#8221;default&#8221; global_colors_info=&#8221;{}&#8221;]<\/p>\n<div style=\"width: 100%;max-width:1200px !important;margin:0px auto;display:block;padding: 0px 0 !important;color:#FFFFFF;text-align: center;font-weight: bold;font-size: 1.5em;\" class=\"container-fluid\"><!-- [et_pb_line_break_holder] -->\t\t\t\t\t<\/p>\n<div class=\"col-md-6\" style=\"background-color: #F32205;;padding: 50px 0px;\"><!-- [et_pb_line_break_holder] -->\t\t\t\t\t\t<\/p>\n<h3 style=\"margin-top: 0px;\"><i class=\"fa fa-thumbs-up\"><\/i> <\/h3>\n<p><!-- [et_pb_line_break_holder] -->\t\t\t\t\t\t<span style=\"font-size: 2.5em;\">100 %<\/span><!\u2013- [et_pb_br_holder] -\u2013><!-- [et_pb_line_break_holder] -->\t\t\t\t\t\t<\/p>\n<div style=\"font-weight: normal;\">De taux de satisfaction <\/div>\n<p><!-- [et_pb_line_break_holder] -->\t\t\t\t\t<\/div>\n<p><!-- [et_pb_line_break_holder] -->\t\t\t\t\t<\/p>\n<div class=\"col-md-6\" style=\"background-color: #0D0B7A   ;;padding: 50px 0px;\"><!-- [et_pb_line_break_holder] -->\t\t\t\t\t\t<\/p>\n<h3 style=\"margin-top: 0px;\"><i class=\"fa fa-comment\"><\/i> \u00a0<\/h3>\n<p><!-- [et_pb_line_break_holder] -->\t\t\t\t\t\t<span style=\"font-size: 2.5em;\">80 %<\/span><!\u2013- [et_pb_br_holder] -\u2013><!-- [et_pb_line_break_holder] -->\t\t\t\t\t\t<\/p>\n<div style=\"font-weight: normal;\">De taux de r\u00e9ussite \u00bb<\/div>\n<p><!-- [et_pb_line_break_holder] -->\t\t\t\t\t<\/div>\n<p><!-- [et_pb_line_break_holder] -->\t\t<\/div>\n<p>[\/et_pb_code][et_pb_text _builder_version=&#8221;4.20.4&#8243; header_2_font=&#8221;Kanit|700|||||||&#8221; header_2_text_align=&#8221;center&#8221; header_2_font_size=&#8221;48px&#8221; header_2_line_height=&#8221;1.2em&#8221; background_layout=&#8221;dark&#8221; module_alignment=&#8221;center&#8221; header_2_font_size_tablet=&#8221;&#8221; header_2_font_size_phone=&#8221;30px&#8221; header_2_font_size_last_edited=&#8221;on|phone&#8221; locked=&#8221;off&#8221; global_colors_info=&#8221;{}&#8221;]<\/p>\n<h2>T\u00e9moignage<\/h2>\n<p>[\/et_pb_text][\/et_pb_column][\/et_pb_row][et_pb_row column_structure=&#8221;1_3,1_3,1_3&#8243; _builder_version=&#8221;4.16&#8243; global_colors_info=&#8221;{}&#8221;][et_pb_column type=&#8221;1_3&#8243; _builder_version=&#8221;4.16&#8243; global_colors_info=&#8221;{}&#8221;][et_pb_testimonial author=&#8221;Sounka Sadia&#8221; quote_icon=&#8221;off&#8221; _builder_version=&#8221;4.21.0&#8243; body_font=&#8221;||||||||&#8221; body_font_size=&#8221;16px&#8221; body_line_height=&#8221;1.8em&#8221; author_font=&#8221;Kanit|700||on|||||&#8221; author_font_size=&#8221;16px&#8221; author_line_height=&#8221;1.8em&#8221; background_color=&#8221;rgba(227,227,229,0.78)&#8221; background_layout=&#8221;dark&#8221; custom_padding=&#8221;60px|40px|60px|40px|true|true&#8221; border_radii=&#8221;on|10px|10px|10px|10px&#8221; border_color_all=&#8221;#000000&#8243; box_shadow_style=&#8221;preset4&#8243; global_colors_info=&#8221;{}&#8221;]<\/p>\n<p>\u201c<span>Bonjour, je remercie le centre de formation PROTEC FORMATION pour l\u2019approche p\u00e9dagogique bienveillante et la disponibilit\u00e9 pour r\u00e9pondre \u00e0 mes questions et pr\u00e9occupations , en obtenant cette examen je me sens encourag\u00e9 \u00e0 continuer \u00e0 travailler dur afin d\u2019exercer ce m\u00e9tier, je suis reconnaissant d\u2019avoir eu l\u2019occasion de vous avoir comme formateur. Encore merci \ud83d\ude4f\ud83c\udfff<\/span>.\u201d<\/p>\n<p>[\/et_pb_testimonial][\/et_pb_column][et_pb_column type=&#8221;1_3&#8243; _builder_version=&#8221;4.16&#8243; global_colors_info=&#8221;{}&#8221;][et_pb_testimonial author=&#8221;Abd\u00e9 Benha&#8221; quote_icon=&#8221;off&#8221; _builder_version=&#8221;4.21.0&#8243; body_font=&#8221;||||||||&#8221; body_font_size=&#8221;16px&#8221; body_line_height=&#8221;1.8em&#8221; author_font=&#8221;Kanit|700||on|||||&#8221; author_font_size=&#8221;16px&#8221; author_line_height=&#8221;1.8em&#8221; background_color=&#8221;rgba(227,227,229,0.78)&#8221; background_layout=&#8221;dark&#8221; custom_padding=&#8221;60px|40px|60px|40px|true|true&#8221; border_radii=&#8221;on|10px|10px|10px|10px&#8221; border_color_all=&#8221;#000000&#8243; box_shadow_style=&#8221;preset4&#8243; locked=&#8221;off&#8221; global_colors_info=&#8221;{}&#8221;]<\/p>\n<p>\u201c<span>Super centre de formation avec 1 formateur au top du top, toujours avec respect, j&#8217;ai eu une \u00e9quipe magnifique. Super bon souvenir merci les gars \ud83d\udcaa\ud83c\udffc<\/span>.\u201d<\/p>\n<p>[\/et_pb_testimonial][\/et_pb_column][et_pb_column type=&#8221;1_3&#8243; _builder_version=&#8221;4.16&#8243; global_colors_info=&#8221;{}&#8221;][et_pb_testimonial author=&#8221;Jacob Melessoussou&#8221; quote_icon=&#8221;off&#8221; _builder_version=&#8221;4.21.0&#8243; body_font=&#8221;||||||||&#8221; body_font_size=&#8221;16px&#8221; body_line_height=&#8221;1.8em&#8221; author_font=&#8221;Kanit|700||on|||||&#8221; author_font_size=&#8221;16px&#8221; author_line_height=&#8221;1.8em&#8221; background_color=&#8221;rgba(227,227,229,0.78)&#8221; background_layout=&#8221;dark&#8221; custom_padding=&#8221;60px|40px|60px|40px|true|true&#8221; border_radii=&#8221;on|10px|10px|10px|10px&#8221; border_color_all=&#8221;#000000&#8243; box_shadow_style=&#8221;preset4&#8243; locked=&#8221;off&#8221; global_colors_info=&#8221;{}&#8221;]<\/p>\n<p>\u201c<span>Je suis tr\u00e8s content satisfait de tous les moments pass\u00e9s aupr\u00e8s de l&#8217;\u00e9quipe , du centre de formation PROTEC FORMATION , sans probl\u00e8me vous \u00eates au bon endroit pour r\u00e9ussir votre examen de SSIAP bravo pour l&#8217;accueil Cordialement Jacob !<\/span>\u201d<\/p>\n<p>[\/et_pb_testimonial][\/et_pb_column][\/et_pb_row][\/et_pb_section][et_pb_section fb_built=&#8221;1&#8243; admin_label=&#8221;CTA&#8221; _builder_version=&#8221;4.21.0&#8243; use_background_color_gradient=&#8221;on&#8221; background_color_gradient_direction=&#8221;1deg&#8221; background_color_gradient_stops=&#8221;#1700be 0pt|rgba(23,0,190,0) 100pt&#8221; background_color_gradient_unit=&#8221;pt&#8221; background_color_gradient_start=&#8221;#1700be&#8221; background_color_gradient_end=&#8221;rgba(23,0,190,0)&#8221; background_image=&#8221;http:\/\/protecformation.fr\/wp-content\/uploads\/2023\/09\/protec-formation.jpg&#8221; min_height=&#8221;1085.6px&#8221; custom_margin=&#8221;||-11px||false|false&#8221; custom_padding=&#8221;||||true|false&#8221; global_colors_info=&#8221;{}&#8221;][et_pb_row _builder_version=&#8221;4.21.0&#8243; locked=&#8221;off&#8221; global_colors_info=&#8221;{}&#8221;][et_pb_column type=&#8221;4_4&#8243; _builder_version=&#8221;4.21.0&#8243; background_enable_color=&#8221;off&#8221; global_colors_info=&#8221;{}&#8221;][et_pb_text _builder_version=&#8221;4.21.0&#8243; text_font=&#8221;Alice||||||||&#8221; text_font_size=&#8221;15px&#8221; text_line_height=&#8221;1.8em&#8221; header_2_font=&#8221;Kanit|700||on|||||&#8221; header_2_text_align=&#8221;center&#8221; header_2_font_size=&#8221;80px&#8221; header_2_letter_spacing=&#8221;12px&#8221; header_2_line_height=&#8221;1.2em&#8221; text_orientation=&#8221;center&#8221; background_layout=&#8221;dark&#8221; module_alignment=&#8221;center&#8221; header_2_font_size_tablet=&#8221;60px&#8221; header_2_font_size_phone=&#8221;38px&#8221; header_2_font_size_last_edited=&#8221;on|phone&#8221; text_text_shadow_style=&#8221;preset1&#8243; locked=&#8221;off&#8221; inline_fonts=&#8221;Alice&#8221; global_colors_info=&#8221;{}&#8221;]<\/p>\n<h2><strong><span style=\"font-family: Alice; font-size: xx-large;\">Protec FORMATION<\/span><\/strong><\/h2>\n<p>[\/et_pb_text][et_pb_text _builder_version=&#8221;4.21.0&#8243; _module_preset=&#8221;default&#8221; text_font=&#8221;Alice||||||||&#8221; text_text_color=&#8221;#FFFFFF&#8221; text_font_size=&#8221;18px&#8221; text_line_height=&#8221;1.8em&#8221; text_orientation=&#8221;center&#8221; global_colors_info=&#8221;{}&#8221;]<\/p>\n<h3><span style=\"color: #ffffff;\">Rejoignez-nous dans nos locaux de Dreux<\/span><\/h3>\n<p>Vous voulez rencontrer notre \u00e9quipe\u00a0 ? Rendez-vous dans nos bureaux 2 rue Jean Louis Chanoine, 28100 Dreux. Pour prendre rendez-vous ou poser vos questions, vous pouvez nous contacter au <span>09 70 66 92 10<\/span> \u00a0et\/ou nous envoyer un mail \u00e0\u00a0<strong><span style=\"color: #000080;\"><a href=\"https:\/\/protecformation.fr\/?page_id=33\" style=\"color: #000080;\">contact@protecformation.fr<\/a><\/span><\/strong>. Notre centre de formation\u00a0 est facile d\u2019acc\u00e8s et situ\u00e9 tout pr\u00e8s du centre Blanchard, le long de la National 12,\u00a0 ligne de bus\u00a0 <span jstcache=\"360\" jsinstance=\"*1\" class=\"mTOalf\" jsan=\"t-P-QB2_ox35w,7.mTOalf\"><span jstcache=\"259\"><span jstcache=\"261\" class=\"Bzv5Cd PpN7xc uJAFKd OEQ85d aAGpje ltr\" jsan=\"7.Bzv5Cd,7.PpN7xc,7.uJAFKd,7.OEQ85d,7.aAGpje,7.ltr,5.background-color,5.color\"><span jstcache=\"262\" class=\"cukLmd\" jsan=\"7.cukLmd\">2<\/span><\/span><\/span><\/span>.<\/p>\n<p>Vous vous int\u00e9ress\u00e9s \u00e0 la surveillance humaine, surveillance \u00e9lectronique, t\u00e9l\u00e9surveillance. Vous aimeriez travailler dans la pr\u00e9vention, s\u00fbret\u00e9, secourisme, risque incendie, premiers secours ? Retrouvez votre centre de formation d\u2019agent de s\u00e9curit\u00e9 de Dreux sur<span>\u00a0<\/span><u>Linkedin<\/u>, le r\u00e9seau social professionnel.<\/p>\n<p>[\/et_pb_text][et_pb_button button_url=&#8221;https:\/\/protecformation.fr\/?page_id=2&#8243; button_text=&#8221;Voir nos offres&#8221; button_alignment=&#8221;center&#8221; _builder_version=&#8221;4.20.4&#8243; custom_button=&#8221;on&#8221; button_bg_color=&#8221;rgba(0,0,0,0)&#8221; button_border_color=&#8221;#ffffff&#8221; button_border_radius=&#8221;15px&#8221; button_font=&#8221;Kanit|700|||||||&#8221; button_icon=&#8221;&#x24;||divi||400&#8243; background_layout=&#8221;dark&#8221; custom_padding=&#8221;15px|40px|15px|40px|true|true&#8221; locked=&#8221;off&#8221; global_colors_info=&#8221;{}&#8221;][\/et_pb_button][et_pb_button button_url=&#8221;https:\/\/protecformation.fr\/?page_id=33&#8243; button_text=&#8221;Prenez rendez-vous&#8221; button_alignment=&#8221;center&#8221; _builder_version=&#8221;4.20.4&#8243; custom_button=&#8221;on&#8221; button_bg_color=&#8221;#1700bd&#8221; button_border_color=&#8221;rgba(0,0,0,0)&#8221; button_border_radius=&#8221;15px&#8221; button_font=&#8221;Kanit|700|||||||&#8221; button_icon=&#8221;&#x24;||divi||400&#8243; background_layout=&#8221;dark&#8221; custom_padding=&#8221;15px|40px|15px|40px|true|true&#8221; locked=&#8221;off&#8221; global_colors_info=&#8221;{}&#8221;][\/et_pb_button][\/et_pb_column][\/et_pb_row][\/et_pb_section]<\/p>\n","protected":false},"excerpt":{"rendered":"<p>PROTEC FORMATIONSp\u00e9cialis\u00e9 dans le domaine de la s\u00e9curit\u00e9 priv\u00e9e et incendieD\u00e9couvrez notre centre de formation aux m\u00e9tiers de s\u00e9curit\u00e9 et pr\u00e9parez-vous \u00e0 une carri\u00e8re passionnante et valorisante dans le domaine de la s\u00e9curit\u00e9 !Chez Protec Formation, nous sommes d\u00e9termin\u00e9s \u00e0 vous offrir une formation de qualit\u00e9 pour vous aider \u00e0 atteindre vos objectifs professionnels dans [&hellip;]<\/p>\n","protected":false},"author":1,"featured_media":0,"parent":0,"menu_order":0,"comment_status":"closed","ping_status":"closed","template":"","meta":{"_et_pb_use_builder":"on","_et_pb_old_content":"","_et_gb_content_width":""},"_links":{"self":[{"href":"https:\/\/protecformation.fr\/index.php?rest_route=\/wp\/v2\/pages\/390"}],"collection":[{"href":"https:\/\/protecformation.fr\/index.php?rest_route=\/wp\/v2\/pages"}],"about":[{"href":"https:\/\/protecformation.fr\/index.php?rest_route=\/wp\/v2\/types\/page"}],"author":[{"embeddable":true,"href":"https:\/\/protecformation.fr\/index.php?rest_route=\/wp\/v2\/users\/1"}],"replies":[{"embeddable":true,"href":"https:\/\/protecformation.fr\/index.php?rest_route=%2Fwp%2Fv2%2Fcomments&post=390"}],"version-history":[{"count":102,"href":"https:\/\/protecformation.fr\/index.php?rest_route=\/wp\/v2\/pages\/390\/revisions"}],"predecessor-version":[{"id":1204,"href":"https:\/\/protecformation.fr\/index.php?rest_route=\/wp\/v2\/pages\/390\/revisions\/1204"}],"wp:attachment":[{"href":"https:\/\/protecformation.fr\/index.php?rest_route=%2Fwp%2Fv2%2Fmedia&parent=390"}],"curies":[{"name":"wp","href":"https:\/\/api.w.org\/{rel}","templated":true}]}}