{"id":41,"date":"2023-04-04T19:39:52","date_gmt":"2023-04-04T17:39:52","guid":{"rendered":"https:\/\/protecformation.fr\/?page_id=41"},"modified":"2025-08-18T16:17:55","modified_gmt":"2025-08-18T14:17:55","slug":"tfp-aps","status":"publish","type":"page","link":"https:\/\/protecformation.fr\/?page_id=41","title":{"rendered":"TFP APS"},"content":{"rendered":"<p>[et_pb_section fb_built=&#8221;1&#8243; _builder_version=&#8221;4.20.4&#8243; _module_preset=&#8221;default&#8221; global_colors_info=&#8221;{}&#8221;][et_pb_row _builder_version=&#8221;4.20.4&#8243; _module_preset=&#8221;default&#8221; global_colors_info=&#8221;{}&#8221;][et_pb_column type=&#8221;4_4&#8243; _builder_version=&#8221;4.20.4&#8243; _module_preset=&#8221;default&#8221; global_colors_info=&#8221;{}&#8221;][et_pb_image src=&#8221;http:\/\/protecformation.fr\/wp-content\/uploads\/2023\/05\/Securite-1-1600&#215;900-1.jpg&#8221; title_text=&#8221;Securite-1-1600&#215;900-1&#8243; align=&#8221;center&#8221; force_fullwidth=&#8221;on&#8221; _builder_version=&#8221;4.20.4&#8243; _module_preset=&#8221;default&#8221; module_alignment=&#8221;center&#8221; min_height=&#8221;100px&#8221; height=&#8221;352px&#8221; custom_margin=&#8221;-49px||||false|false&#8221; border_radii=&#8221;on|26px|26px|26px|26px&#8221; border_style_all=&#8221;none&#8221; global_colors_info=&#8221;{}&#8221;][\/et_pb_image][et_pb_tabs active_tab_background_color=&#8221;#0C71C3&#8243; inactive_tab_background_color=&#8221;#8F8F8F&#8221; active_tab_text_color=&#8221;#FFFFFF&#8221; _builder_version=&#8221;4.21.0&#8243; _module_preset=&#8221;default&#8221; tab_text_color=&#8221;#FFFFFF&#8221; body_font=&#8221;Poppins||||||||&#8221; body_text_color=&#8221;#000000&#8243; tab_font=&#8221;Poppins||||||||&#8221; tab_font_size=&#8221;19px&#8221; tab_letter_spacing=&#8221;2px&#8221; max_width=&#8221;100%&#8221; custom_margin=&#8221;-4px|||||&#8221; hover_enabled=&#8221;0&#8243; border_radii=&#8221;on|20px|20px|20px|20px&#8221; border_color_all=&#8221;#000000&#8243; box_shadow_style=&#8221;preset2&#8243; box_shadow_spread=&#8221;80px&#8221; box_shadow_color=&#8221;#FFFFFF&#8221; global_colors_info=&#8221;{}&#8221; sticky_enabled=&#8221;0&#8243;][et_pb_tab title=&#8221;TFP APS&#8221; _builder_version=&#8221;4.21.0&#8243; _module_preset=&#8221;default&#8221; body_text_color=&#8221;#000000&#8243; hover_enabled=&#8221;0&#8243; global_colors_info=&#8221;{}&#8221; sticky_enabled=&#8221;0&#8243;]<\/p>\n<p>Formations\u00a0<em>TFP APS<\/em><\/p>\n<p><strong>Titre \u00e0 Finalit\u00e9 Professionnelle d\u2019Agent de Pr\u00e9vention de S\u00e9curit\u00e9 destin\u00e9 \u00e0 devenir Agent de S\u00e9curit\u00e9<\/strong><\/p>\n<ul><\/ul>\n<p>L\u2019objectif de la formation\u00a0<strong>TFP APS<\/strong>\u00a0Titre \u00e0 Finalit\u00e9 Professionnelle d\u2019Agent de S\u00e9curit\u00e9 est d\u2019acqu\u00e9rir les connaissances n\u00e9cessaires pour exercer en qualit\u00e9 d\u2019agent de pr\u00e9vention et de s\u00e9curit\u00e9.<\/p>\n<p>Pr\u00e9requis :<\/p>\n<ul>\n<li>Savoir lire, \u00e9crire, comprendre, parler le fran\u00e7ais et savoir compter<br \/>\u25cf Poss\u00e9der une notification CNAPS comportant un num\u00e9ro d\u2019autorisation pr\u00e9alable (<strong>Pour t\u00e9l\u00e9charger l\u2019autorisation pr\u00e9alable, inscrivez-vous en s\u00e9lectionnant une date de formation ci-dessus<\/strong>).<br \/>\u25cf Justifier avoir le niveau B1 oral et \u00e9crit du cadre europ\u00e9en commun de r\u00e9f\u00e9rence pour les langues (CERL)<br \/>\u25cf Avoir 5 ans sur le territoire fran\u00e7ais pour les \u00e9trangers<\/li>\n<\/ul>\n<p>Niveau de sortie:<\/p>\n<p>Niveau 3<\/p>\n<p>Public Vis\u00e9 :<\/p>\n<p>La formation TFP\/APS s\u2019adresse \u00e0 ceux qui souhaitent postuler \u00e0 un poste d\u2019agent de pr\u00e9vention et de s\u00e9curit\u00e9.<\/p>\n<p>\u25ba\u00a0 S\u00e9curit\u00e9 et surveillance priv\u00e9es (K2503)<\/p>\n<p>Contact :<\/p>\n<p><strong>R\u00e9f\u00e9rent P\u00e9dagogique:<\/strong>\u00a007 81 52 36 35<br \/><strong>R\u00e9f\u00e9rent Handicap:<\/strong>\u00a009 70 66 92 10<\/p>\n<p>Consultez notre page\u00a0<a href=\"https:\/\/protecformation.fr\/?page_id=33\"><strong>Accompagnement Handicap<\/strong><\/a>\u00a0ou appelez-nous pour obtenir d\u2019avantages de renseignements<\/p>\n<p><strong>Contact:<\/strong>\u00a0<a href=\"https:\/\/protecformation.fr\/?page_id=33\">Formulaire de contact en ligne<\/a><\/p>\n<p>Objectifs P\u00e9dagogiques :<\/p>\n<p>\u2218 Acqu\u00e9rir les connaissances n\u00e9cessaires pour exercer en qualit\u00e9 d\u2019agent de pr\u00e9vention et de s\u00e9curit\u00e9.<br \/>\u2218 Conna\u00eetre le cadre r\u00e9glementaire et d\u00e9ontologique de l\u2019exercice de l\u2019emploi d\u2019agent de pr\u00e9vention et de s\u00e9curit\u00e9.<br \/>\u2218 Acqu\u00e9rir les connaissances th\u00e9oriques et les comp\u00e9tences n\u00e9cessaires \u00e0 l\u2019exercice de l\u2019activit\u00e9.<br \/>\u2218 Identifier et mettre en oeuvre les comportements et les attitudes d\u00e9finies par le cadre l\u00e9gislatif et les exigences de la profession.<\/p>\n<p>Comp\u00e9tences Vis\u00e9es :<\/p>\n<p>\u2013 Effectuer les t\u00e2ches minimales communes \u00e0 toutes les entreprises de s\u00e9curit\u00e9 en surveillance humaine et \u00e9lectronique, t\u00e9l\u00e9surveillance et vid\u00e9oprotection, protection rapproch\u00e9e, s\u00fbret\u00e9 a\u00e9roportuaire, transport de fonds.<br \/>\u2013 Exercer le m\u00e9tier d\u2019agent de pr\u00e9vention et de s\u00e9curit\u00e9 : prot\u00e9ger, alerter et secourir pour assurer la s\u00e9curit\u00e9 des biens et des personnes.<br \/>\u2013 G\u00e9rer les \u00e9v\u00e9nements, effectuer les palpations de s\u00e9curit\u00e9 et l\u2019inspection visuelle des bagages.<br \/>\u2013 Se ma\u00eetriser pour agir de mani\u00e8re appropri\u00e9e dans les situations \u00e0 risques aggrav\u00e9es.<\/p>\n<p>M\u00e9thodes P\u00e9dagogiques :<\/p>\n<p>Toutes les formations sont construites autour du concept de la formation t\u00e9maire.<\/p>\n<p>Chaque module comprend au moins :<\/p>\n<p>\u2013 des apports th\u00e9oriques sous forme de cours m\u00e9thode type magistrale,<br \/>\u2013 une synth\u00e8se du cours,<br \/>\u2013 des mises en pratiques,<br \/>\u2013 des QCM\/QCU.<\/p>\n<p>Les stagiaires sont au c\u0153ur de la formation, leur participation, leur exp\u00e9rience sont une base pour le formateur qui s\u2019appuie sur leurs connaissances pour venir compl\u00e9ter, corriger les acquis et les am\u00e9liorer dans la pratique.<\/p>\n<p>Moyens P\u00e9dagogiques :<\/p>\n<p>\u2013 Syst\u00e8me de s\u00e9curit\u00e9 incendie de cat\u00e9gorie A (CMSI et SMSI)<br \/>\u2013 Dispositifs actionn\u00e9es de s\u00e9curit\u00e9 (d\u00e9senfumage, compartimentage, alarme)<br \/>\u2013 Extincteurs de tous les types<br \/>\u2013 Foyers g\u00e9n\u00e9rateurs de feu pour exercice pratique<br \/>\u2013 Vid\u00e9o projecteurs<br \/>\u2013 Ordinateurs, Tableau blanc<br \/>\u2013 Livrets stagiaire, livret d\u2019accueil<br \/>\u2013 D\u00e9fibrillateurs semi-automatiques (DSA)<br \/>\u2013 Mannequins adulte, enfant et nourrisson<br \/>\u2013 \u00c9metteurs-r\u00e9cepteurs<br \/>\u2013 PTI fonction DATI<br \/>\u2013 T\u00e9l\u00e9phones<br \/>\u2013 Contr\u00f4leurs et pointeaux de ronde<br \/>\u2013 Mains courantes manuscrites et informatiques<\/p>\n<p>Contenu :<\/p>\n<p><strong>TRONC COMMUN:<\/strong><br \/>41h Conna\u00eetre le livre VI du code de la s\u00e9curit\u00e9 int\u00e9rieure. Conna\u00eetre les dispositions utiles du code p\u00e9nal. Application de l\u2019article 73 du code de proc\u00e9dure p\u00e9nale. Ma\u00eetriser les garanties li\u00e9es au respect des libert\u00e9s publiques. Respecter la d\u00e9ontologie professionnelle. Savoir mettre en oeuvre les gestes \u00e9l\u00e9mentaires de premier secours conform\u00e9ment \u00e0 la r\u00e9glementation en vigueur \u00e9dit\u00e9e par l\u2019INRS. Savoir analyser les comportements conflictuels. Savoir r\u00e9soudre un conflit. Savoir transmettre des consignes. R\u00e9aliser une remont\u00e9e d\u2019informations.<\/p>\n<p><strong>MODULE SPECIFIQUE \u00ab\u00a0SURVEILLANCE ET GARDIENNAGE\u00a0\u00bb:<\/strong><br \/>134h Conna\u00eetre le livre VI du code de la s\u00e9curit\u00e9 int\u00e9rieure et la convention de branche: Conna\u00eetre les dispositions utiles du code p\u00e9nal. Ma\u00eetriser les garanties li\u00e9es au respect des libert\u00e9s publiques et priv\u00e9es. Evaluer les risques professionnels. Initiation au risque incendie. Ma\u00eetriser la gestion des alarmes. Prot\u00e9ger le travailleur isol\u00e9. Sensibilisation au risque \u00e9lectrique. D\u00e9finir les risques terroristes et conna\u00eetre les diff\u00e9rentes menaces terroristes. Conna\u00eetre les diff\u00e9rentes menaces terroristes. Conna\u00eetre les niveaux de risque associ\u00e9s. Conna\u00eetre les diff\u00e9rents mat\u00e9riels terroristes. Savoir d\u00e9velopper ses r\u00e9flexes en mati\u00e8re de pr\u00e9vention et de s\u00e9curit\u00e9 face aux menaces terroristes. D\u00e9tecter et pr\u00e9venir : les bons r\u00e9flexes face aux menaces terroristes. Savoir entretenir sa culture de la s\u00e9curit\u00e9.Se prot\u00e9ger soi-m\u00eame : Alerter les forces de l\u2019ordre et faciliter leur intervention : Identifier le risque de blessures en rapport avec le danger. Notions de secourisme \u00ab\u00a0tactique\u00a0\u00bb. Alerter les secours. \u00catre capable d\u2019analyser les comportements conflictuels. Etre capable de r\u00e9soudre un conflit. Etre capable de g\u00e9rer une situation conflictuelle D\u00e9velopper les capacit\u00e9s d\u2019un agent en vue de faire face aux risques de situations mena\u00e7antes Conna\u00eetre les outils de transmission. Savoir transmettre des consignes Appliquer les techniques d\u2019information et de communication. Savoir transmettre les consignes et les informations Pr\u00e9parer la mise en oeuvre des missions de l\u2019agent de pr\u00e9vention et de s\u00e9curit\u00e9 (APS) Savoir contr\u00f4ler les acc\u00e8s Conna\u00eetre les \u00e9l\u00e9ments d\u2019un poste de contr\u00f4le de s\u00e9curit\u00e9 Rondes de surveillance et syst\u00e8mes de contr\u00f4le des rondes Application de l\u2019article 73 du code de proc\u00e9dure p\u00e9nale dans le cadre des missions de l\u2019agent de pr\u00e9vention et de s\u00e9curit\u00e9 (APS) Ma\u00eetriser du cadre l\u00e9gal des grands rassemblements et de la probl\u00e9matique de leur s\u00e9curisation Identifier les acteurs d\u2019un \u00e9v\u00e9nement G\u00e9rer les sp\u00e9cificit\u00e9s du contr\u00f4le d\u2019acc\u00e8s et du filtrage lors de grands \u00e9v\u00e9nements Effectuer une inspection visuelle des bagages et une palpation de s\u00e9curit\u00e9 Syst\u00e8mes de t\u00e9l\u00e9surveillance et de vid\u00e9osurveillance<\/p>\n<p>Passerelles\/D\u00e9bouch\u00e9es :<\/p>\n<p>Possibilit\u00e9 d\u2019acc\u00e9der \u00e0 une formation SSIAP 1 \u00e0 la suite de la formation.<\/p>\n<p>Modalit\u00e9 de r\u00e9ussite et de validation des \u00e9preuves :<\/p>\n<ul>\n<li>Th\u00e9orie : 14 modules (\u00e0 valider imp\u00e9rativement)<br \/>\u25cf Pratique<\/li>\n<\/ul>\n<p>NB\u00a0: Le candidat doit imp\u00e9rativement valider les deux \u00e9preuves (th\u00e9orie + pratique) pour \u00eatre d\u00e9clar\u00e9 admis. Toutefois le candidat n\u2019ayant pas valid\u00e9 l\u2019un des 14 modules et ou la pratique pourra se repr\u00e9senter pour passer les modules non valid\u00e9s dans les 12 mois suivant la date d\u2019examen initial.<\/p>\n<p>Moyens de Suivis :<\/p>\n<p>Un livret de stage est fourni \u00e0 chaque entr\u00e9e en stage avec une partie concernant l\u2019\u00e9valuation des stagiaires et leurs progressions. Ce livret est rempli avec le formateur journali\u00e8rement, avec reprise des points de mani\u00e8re collective ou individuelle des points posant difficult\u00e9s.<br \/>QCM, QCU au minimum un par jour sur le cours vu la veille, et mise en pratique.<\/p>\n<p>Modalit\u00e9s d\u2019\u00c9valuation :<\/p>\n<ul>\n<li>Pendant la formation : QCM, QCU, mise en pratique<br \/>\u2022 Pendant l\u2019examen : Evaluation th\u00e9orique et pratique :<br \/>_ \u00c9preuve des questionnaires a choix unique (QCU)<br \/>_ \u00c9preuves pratiques (Gestion d\u2019un PC et circuit de v\u00e9rification (ronde)<\/li>\n<\/ul>\n<p>Intitul\u00e9 de la formation :<\/p>\n<p><strong>TFP\/APS Titre \u00e0 Finalit\u00e9 Professionnelle d\u2019agent de pr\u00e9vention et de s\u00e9curit\u00e9<\/strong><\/p>\n<p>Dur\u00e9e de la formation :<\/p>\n<p>5 semaines environ (175 heures + 7 heures d\u2019examen)<\/p>\n<p>Nombre de participants :<\/p>\n<p>12 stagiaires maximum par session de formation<\/p>\n<p>Lieu de la formation :<\/p>\n<p>Protec Formation<br \/>2, rue Jean-Louis Chanoine, 28100 Dreux<\/p>\n<p>\u20ac\u00a0 Tarifs et Financement:<\/p>\n<p>Nous consulter pour un tarif individuel<br \/>*financement accessible via Mon CPF (Compte Personnel de Formation)<br \/>*devis P\u00f4le Emploi sur demande<\/p>\n<p>D\u00e9lais d\u2019acc\u00e8s:<\/p>\n<p>3 semaines en moyenne sous r\u00e9serve de poss\u00e9der les pr\u00e9requis et l\u2019ensemble des documents administratifs.<\/p>\n<p>Taux de r\u00e9ussite :<\/p>\n<p>\u2026% de r\u00e9ussite sur l\u2019ensemble de la formation TFP APS<\/p>\n<p>Formateur :<\/p>\n<p>Le formateur qui vous dispensera cette formation \u00e0:<br \/>\u2013 soit 2 ann\u00e9es d\u2019exercice professionnel dans le domaine de l\u2019activit\u00e9 concern\u00e9e ou dans le domaine de la s\u00e9curit\u00e9 publique ainsi que d\u2019une attestation de formation en p\u00e9dagogie en tant que formateur.<br \/>\u2013 soit 2 ann\u00e9es d\u2019exercice professionnel dans la formation aux activit\u00e9s priv\u00e9es de s\u00e9curit\u00e9 ou dans le domaine de la s\u00e9curit\u00e9 publique ainsi que du Titre \u00e0 Finalit\u00e9 Professionnelle ou d\u2019une certification professionnelle enregistr\u00e9e au RNCP, de niveau IV minimum, relatif \u00e0 l\u2019activit\u00e9 concern\u00e9e.<\/p>\n<p>[\/et_pb_tab][et_pb_tab title=&#8221;MAC APS&#8221; _builder_version=&#8221;4.21.0&#8243; _module_preset=&#8221;default&#8221; body_text_color=&#8221;#000000&#8243; global_colors_info=&#8221;{}&#8221;]<\/p>\n<p>Cette formation MAC APS (Maintien et Actualisation des Comp\u00e9tences) pour les Agents de Pr\u00e9vention et de S\u00e9curit\u00e9 aura pour but de remettre \u00e0 niveau l\u2019ensemble des comp\u00e9tences acquises.<\/p>\n<p>Pr\u00e9requis :<\/p>\n<ul>\n<li>Etre titulaire de la carte professionnelle valide (copie \u00e0 fournir)<br \/>\u25cf Satisfaire \u00e0 une \u00e9valuation p\u00e9dagogique individualis\u00e9e portant sur les connaissances du stagiaire<\/li>\n<\/ul>\n<p>Public Vis\u00e9 :<\/p>\n<p>\u25ba Sont concern\u00e9s les agents de s\u00e9curit\u00e9 en poste et titulaire de la carte professionnelle souhaitant le renouvellement apr\u00e8s 5 ans.<\/p>\n<p>Contact :<\/p>\n<p><strong>R\u00e9f\u00e9rent P\u00e9dagogique:<\/strong>\u00a007 81 52 36 35<br \/><strong>R\u00e9f\u00e9rent Handicap:<\/strong>\u00a009 70 66 92 10<\/p>\n<p>Consultez notre page\u00a0<a href=\"https:\/\/protecformation.fr\/?page_id=33\"><strong>Accompagnement Handicap<\/strong><\/a>\u00a0ou appelez-nous pour obtenir d\u2019avantages de renseignements<\/p>\n<p><strong>Contact:<\/strong>\u00a0<a href=\"https:\/\/protecformation.fr\/?page_id=33\">Formulaire de contact en ligne<\/a><\/p>\n<p>Moyens P\u00e9dagogiques:<\/p>\n<p>Syst\u00e8me de s\u00e9curit\u00e9 incendie de cat\u00e9gorie A (CMSI et SMSI)<br \/>\u2013 Dispositifs actionn\u00e9es de s\u00e9curit\u00e9 (d\u00e9senfumage, compartimentage, alarme)<br \/>\u2013 Extincteurs de tous les types<br \/>\u2013 Foyers g\u00e9n\u00e9rateurs de feu pour exercice pratique<br \/>\u2013 Vid\u00e9o projecteurs<br \/>\u2013 Ordinateurs, Tableau blanc<br \/>\u2013 Livrets stagiaire, livret d\u2019accueil<br \/>\u2013 D\u00e9fibrillateurs semi-automatiques (DSA)<br \/>\u2013 Mannequins adulte, enfant et nourrisson<br \/>\u2013 \u00c9metteurs-r\u00e9cepteurs<br \/>\u2013 PTI fonction DATI<br \/>\u2013 T\u00e9l\u00e9phones<br \/>\u2013 Contr\u00f4leurs et pointeaux de ronde<br \/>\u2013 Mains courantes manuscrites et informatiques<\/p>\n<p>D\u00e9lais d\u2019acc\u00e8s:<\/p>\n<p>2 semaines en moyenne sous r\u00e9serve de poss\u00e9der les pr\u00e9requis et l\u2019ensemble des documents administratifs.<\/p>\n<p>Objectifs P\u00e9dagogiques :<\/p>\n<p>L\u2019objectif de cette formation sera de vous fournir les connaissances et comp\u00e9tences n\u00e9cessaires qui vous permettront de pouvoir manager un service de s\u00e9curit\u00e9 incendie, conseiller un chef d\u2019\u00e9tablissement en mati\u00e8re de s\u00e9curit\u00e9 incendie, participer \u00e0 la gestion des risques quotidiens et lors de travaux, assurer la correspondance avec les commissions de s\u00e9curit\u00e9, effectuer le suivi budg\u00e9taire du service et le suivi des obligations de contr\u00f4le et d\u2019entretien.<\/p>\n<p>\u20ac\u00a0 Tarifs et Financement:<\/p>\n<p>Nous consulter pour un tarif individuel<\/p>\n<p>*devis P\u00f4le Emploi sur demande<\/p>\n<p>M\u00e9thodes P\u00e9dagogiques :<\/p>\n<p><strong>Th\u00e9orie :<\/strong>\u00a0expos\u00e9s \u2013 d\u00e9bats avec support audiovisuel<br \/><strong>Pratique :<\/strong>\u00a0travaux pratiques et mises en situation<\/p>\n<p>Contenu de la formation :<\/p>\n<p><strong>Cadre juridique d\u2019intervention de l\u2019agent priv\u00e9 de s\u00e9curit\u00e9 :<\/strong><br \/>\u2013 Actualisation des connaissances relatives aux grands principes encadrant le m\u00e9tier d\u2019agent priv\u00e9 de s\u00e9curit\u00e9 et la d\u00e9ontologie professionnelle Comp\u00e9tences op\u00e9rationnelles g\u00e9n\u00e9rales :<br \/>\u2013 G\u00e9rer les conflits<br \/>\u2013 Ma\u00eetriser les mesures d\u2019inspection filtrage<br \/><strong>Comp\u00e9tences op\u00e9rationnelles sp\u00e9cifiques :<\/strong><br \/>\u2013 D\u00e9finir les risques terroristes et conna\u00eetre les diff\u00e9rentes menaces terroristes<br \/>\u2013 Conna\u00eetre les niveaux de risque associ\u00e9s<br \/>\u2013 Conna\u00eetre les diff\u00e9rents mat\u00e9riels terroristes<br \/>\u2013 Savoir d\u00e9velopper ses r\u00e9flexes en mati\u00e8re de pr\u00e9vention et de s\u00e9curit\u00e9 face aux menaces terroristes<br \/>\u2013 D\u00e9tecter et pr\u00e9venir : les bons r\u00e9flexes face aux menaces terroristes<br \/>\u2013 Savoir entretenir sa culture de la s\u00e9curit\u00e9<br \/>\u2013 Se prot\u00e9ger soi-m\u00eame<br \/>\u2013 Alerter les forces de l\u2019ordre et faciliter leur intervention<br \/>\u2013 Identifier le risque de blessures en rapport avec le danger<br \/>\u2013 Notions de secourisme \u00ab tactique \u00bb<br \/>\u2013 Alerter les secours<\/p>\n<p>Moyens de Suivis :<\/p>\n<p>Un livret de stage est fourni \u00e0 chaque entr\u00e9e en stage avec une partie concernant l\u2019\u00e9valuation des stagiaires et leurs progressions. Ce livret est rempli avec le formateur journali\u00e8rement, avec reprise des points de mani\u00e8re collective ou individuelle des points posant difficult\u00e9s. QCM, QCU au minimum un par jour sur le cours vu la veille, et mise en pratique.<\/p>\n<p>Modalit\u00e9s d\u2019Evaluation :<\/p>\n<p>Le stagiaire doit suivre l\u2019int\u00e9gralit\u00e9 des modules et r\u00e9pondre \u00e0 une \u00e9valuation p\u00e9dagogique individuelle portant sur ses connaissances (dix questions \u00e0 r\u00e9ponses courtes).<\/p>\n<p>Dur\u00e9e de la formation :<\/p>\n<p>34h de formation<\/p>\n<p>Nombre de participants :<\/p>\n<p>12 stagiaires maximum par session de formation<\/p>\n<p>Lieu de la formation :<\/p>\n<p>Protec Formation<br \/>2, rue Jean-Louis Chanoine, 28100 Dreux<\/p>\n<p>Taux de r\u00e9ussite :<\/p>\n<p>100% de r\u00e9ussite sur l\u2019ensemble de la formation MAC APS<\/p>\n<p>[\/et_pb_tab][\/et_pb_tabs][\/et_pb_column][\/et_pb_row][\/et_pb_section]<\/p>\n","protected":false},"excerpt":{"rendered":"<p>Formations\u00a0TFP APS Titre \u00e0 Finalit\u00e9 Professionnelle d\u2019Agent de Pr\u00e9vention de S\u00e9curit\u00e9 destin\u00e9 \u00e0 devenir Agent de S\u00e9curit\u00e9 L\u2019objectif de la formation\u00a0TFP APS\u00a0Titre \u00e0 Finalit\u00e9 Professionnelle d\u2019Agent de S\u00e9curit\u00e9 est d\u2019acqu\u00e9rir les connaissances n\u00e9cessaires pour exercer en qualit\u00e9 d\u2019agent de pr\u00e9vention et de s\u00e9curit\u00e9. Pr\u00e9requis : Savoir lire, \u00e9crire, comprendre, parler le fran\u00e7ais et savoir compter\u25cf [&hellip;]<\/p>\n","protected":false},"author":1,"featured_media":0,"parent":0,"menu_order":0,"comment_status":"closed","ping_status":"closed","template":"","meta":{"_et_pb_use_builder":"on","_et_pb_old_content":"","_et_gb_content_width":""},"_links":{"self":[{"href":"https:\/\/protecformation.fr\/index.php?rest_route=\/wp\/v2\/pages\/41"}],"collection":[{"href":"https:\/\/protecformation.fr\/index.php?rest_route=\/wp\/v2\/pages"}],"about":[{"href":"https:\/\/protecformation.fr\/index.php?rest_route=\/wp\/v2\/types\/page"}],"author":[{"embeddable":true,"href":"https:\/\/protecformation.fr\/index.php?rest_route=\/wp\/v2\/users\/1"}],"replies":[{"embeddable":true,"href":"https:\/\/protecformation.fr\/index.php?rest_route=%2Fwp%2Fv2%2Fcomments&post=41"}],"version-history":[{"count":37,"href":"https:\/\/protecformation.fr\/index.php?rest_route=\/wp\/v2\/pages\/41\/revisions"}],"predecessor-version":[{"id":1186,"href":"https:\/\/protecformation.fr\/index.php?rest_route=\/wp\/v2\/pages\/41\/revisions\/1186"}],"wp:attachment":[{"href":"https:\/\/protecformation.fr\/index.php?rest_route=%2Fwp%2Fv2%2Fmedia&parent=41"}],"curies":[{"name":"wp","href":"https:\/\/api.w.org\/{rel}","templated":true}]}}