{"id":47,"date":"2023-04-04T19:39:26","date_gmt":"2023-04-04T17:39:26","guid":{"rendered":"https:\/\/protecformation.fr\/?page_id=47"},"modified":"2023-06-07T16:37:19","modified_gmt":"2023-06-07T14:37:19","slug":"h0b0","status":"publish","type":"page","link":"https:\/\/protecformation.fr\/?page_id=47","title":{"rendered":"H0B0"},"content":{"rendered":"<p>[et_pb_section fb_built=&#8221;1&#8243; _builder_version=&#8221;4.20.4&#8243; _module_preset=&#8221;default&#8221; global_colors_info=&#8221;{}&#8221;][et_pb_row _builder_version=&#8221;4.20.4&#8243; _module_preset=&#8221;default&#8221; border_radii=&#8221;on|20px|20px|20px|20px&#8221; border_color_all=&#8221;#FFFFFF&#8221; box_shadow_style=&#8221;preset2&#8243; box_shadow_horizontal=&#8221;8px&#8221; box_shadow_vertical=&#8221;15px&#8221; box_shadow_blur=&#8221;26px&#8221; box_shadow_spread=&#8221;-80px&#8221; box_shadow_color=&#8221;#000000&#8243; global_colors_info=&#8221;{}&#8221;][et_pb_column type=&#8221;4_4&#8243; _builder_version=&#8221;4.20.4&#8243; _module_preset=&#8221;default&#8221; global_colors_info=&#8221;{}&#8221;][et_pb_tabs active_tab_background_color=&#8221;#0C71C3&#8243; inactive_tab_background_color=&#8221;#8F8F8F&#8221; active_tab_text_color=&#8221;#FFFFFF&#8221; _builder_version=&#8221;4.20.4&#8243; _module_preset=&#8221;default&#8221; tab_text_color=&#8221;#FFFFFF&#8221; body_font=&#8221;Poppins||||||||&#8221; body_text_color=&#8221;#000000&#8243; body_font_size=&#8221;15px&#8221; tab_font=&#8221;Poppins||||||||&#8221; tab_font_size=&#8221;19px&#8221; tab_letter_spacing=&#8221;2px&#8221; max_width=&#8221;100%&#8221; custom_margin=&#8221;-4px|||||&#8221; border_radii=&#8221;on|20px|20px|20px|20px&#8221; border_color_all=&#8221;#000000&#8243; box_shadow_style=&#8221;preset2&#8243; box_shadow_spread=&#8221;80px&#8221; box_shadow_color=&#8221;#FFFFFF&#8221; global_colors_info=&#8221;{}&#8221;][et_pb_tab title=&#8221;HOBO&#8221; _builder_version=&#8221;4.20.4&#8243; _module_preset=&#8221;default&#8221; body_text_color=&#8221;#000000&#8243; global_colors_info=&#8221;{}&#8221;]<\/p>\n<div class=\"entry-content\">\n<h4 class=\"wp-block-heading\">H0B0 \u2013 Habilitation Electrique 8h<\/h4>\n<p>L\u2019objectif de la formation H0B0 est de former les ouvriers non \u00e9lectriciens travaillant \u00e0 proximit\u00e9 des installations \u00e9lectriques ou dans des locaux dont l\u2019acc\u00e8s est r\u00e9serv\u00e9 exclusivement aux \u00e9lectriciens.<\/p>\n<h4 class=\"wp-block-heading\">Pr\u00e9requis :<\/h4>\n<p>\u25cf Toute personne peut pr\u00e9tendre \u00e0 la formation H0B0<\/p>\n<p>&nbsp;<\/p>\n<h4 class=\"wp-block-heading\">D\u00e9lais d\u2019acc\u00e8s:<\/h4>\n<p>2 semaines en moyenne sous r\u00e9serve de poss\u00e9der les pr\u00e9requis et l\u2019ensemble des documents administratifs.<\/p>\n<h4 class=\"wp-block-heading\">\u20ac\u00a0 Tarifs et Financement:<\/h4>\n<p>Nous consulter pour un tarif individuel<br \/>*devis P\u00f4le Emploi sur demande<\/p>\n<h4 class=\"wp-block-heading\">Public Vis\u00e9 :<\/h4>\n<p>Personnel non \u00e9lectricien qui op\u00e8re dans des zones o\u00f9 existent des risques \u00e9lectriques.<\/p>\n<h4 class=\"wp-block-heading\">Contact :<\/h4>\n<p><strong>R\u00e9f\u00e9rent P\u00e9dagogique:<\/strong>\u00a007 81 52 36 35<br \/><strong>R\u00e9f\u00e9rent Handicap:<\/strong>\u00a009 70 66 92 10<\/p>\n<p>Consultez notre page\u00a0<a href=\"https:\/\/protecformation.fr\/?page_id=33\"><strong>Accompagnement Handicap<\/strong><\/a>\u00a0ou appelez-nous pour obtenir d\u2019avantages de renseignements<\/p>\n<p><strong>Contact:<\/strong>\u00a0<a href=\"https:\/\/protecformation.fr\/?page_id=33\">Formulaire de contact en ligne<\/a><\/p>\n<h4 class=\"wp-block-heading\">Contenu :<\/h4>\n<p>1. G\u00e9n\u00e9ralit\u00e9s, notions \u00e9l\u00e9mentaires d\u2019\u00e9lectricit\u00e9, visualisation et \u00e9tude du film INRS \u00ab Attention Basse Tension \u00bb<br \/>2. Les dangers de l\u2019\u00e9lectricit\u00e9<br \/>3. Le courant \u00e9lectrique et le corps humain<br \/>4. Mat\u00e9riel de protection individuel et collectifs<br \/>5. D\u00e9finitions relatives aux ouvrages, op\u00e9rations, zones et locaux<br \/>6. Analyse g\u00e9n\u00e9rale des nouvelles r\u00e8gles de s\u00e9curit\u00e9s d\u00e9crites dans la publication NF C18-510<br \/>7. Risques encourus lors d\u2019op\u00e9rations sur ou au voisinage d\u2019ouvrages \u00e9lectriques et protections contre ces risques.<br \/>8. Consignes et documents \u00e9crits<br \/>9. Utilisation des mat\u00e9riels et outillages de s\u00e9curit\u00e9<br \/>10. Conduite \u00e0 tenir en cas d\u2019accident d\u2019origine \u00e9lectrique<br \/>11. Mise en pratique<br \/>12. Contr\u00f4le des connaissances<\/p>\n<h4 class=\"wp-block-heading\">Objectifs p\u00e9dagogiques :<\/h4>\n<p>\u2022 Enoncer les risques d\u2019accidents lors d\u2019activit\u00e9 sur\/au voisinage de l\u2019\u00e9nergie \u00e9lectrique,<br \/>\u2022 Transposer les r\u00e8gles expos\u00e9es dans le cadre de son activit\u00e9,<br \/>\u2022 Mettre en application la nouvelle norme\u00a0<a href=\"https:\/\/fr.wikipedia.org\/wiki\/NF_C18-510\">NFC 18-510<\/a>\u00a0lors de l\u2019ex\u00e9cution d\u2019op\u00e9rations sur les ouvrages \u00e9lectriques, appareillages \u00e9lectroniques et installations photovolta\u00efques,<br \/>\u2022 Adopter une conduite pertinente \u00e0 tenir en cas d\u2019accident d\u2019origine \u00e9lectrique,<br \/>\u2022 S\u2019assurer de son aptitude \u00e0 adapter ces prescriptions dans les domaines et les situations propres \u00e0 son \u00e9tablissement.<br \/>\u2022 En fonction des r\u00e9sultats acquis, cette formation permettra \u00e0 l\u2019employeur de l\u2019habiliter en toute connaissance de cause.<\/p>\n<h4 class=\"wp-block-heading\">M\u00e9thodes d\u2019Apprentissage :<\/h4>\n<p>Etude du support de cours remis \u00e0 chaque stagiaire<br \/>Mise en \u0153uvre de moyens audiovisuels INRS appropri\u00e9s aux sujets trait\u00e9s<br \/>M\u00e9thode interactive s\u2019appuyant sur des exp\u00e9riences v\u00e9cues<br \/>Mise en pratique par chaque stagiaire<br \/>Contr\u00f4le des connaissances<\/p>\n<h4 class=\"wp-block-heading\">Moyens p\u00e9dagogiques :<\/h4>\n<p>\u2022 Vid\u00e9o projecteur + PC + logiciels INRS<br \/>\u2022 Mat\u00e9riel de s\u00e9curit\u00e9 en d\u00e9monstration : visi\u00e8res de s\u00e9curit\u00e9 anti \u2013 UV, gants d\u2019\u00e9lectricien, v\u00e9rificateur d\u2019absence de tension, cadenas, syst\u00e8me de verrouillage.<br \/>\u2022 Maquettes p\u00e9dagogiques de simulation : man\u0153uvres de disjoncteur, man\u0153uvres de sectionneur, man\u0153uvres d\u2019interrupteur, etc.<\/p>\n<h4 class=\"wp-block-heading\">\u00a0Validation de la formation :<\/h4>\n<p>A l\u2019issue de la formation th\u00e9orique et pratique, un avis et une attestation de suivi de formation seront fournis aux stagiaires.<\/p>\n<h4 class=\"wp-block-heading\">Nombre de participants maximum :<\/h4>\n<p>12 Stagiaires maximum par session de formation<\/p>\n<\/div>\n<p>[\/et_pb_tab][\/et_pb_tabs][\/et_pb_column][\/et_pb_row][\/et_pb_section]<\/p>\n","protected":false},"excerpt":{"rendered":"<p>H0B0 \u2013 Habilitation Electrique 8h L\u2019objectif de la formation H0B0 est de former les ouvriers non \u00e9lectriciens travaillant \u00e0 proximit\u00e9 des installations \u00e9lectriques ou dans des locaux dont l\u2019acc\u00e8s est r\u00e9serv\u00e9 exclusivement aux \u00e9lectriciens. Pr\u00e9requis : \u25cf Toute personne peut pr\u00e9tendre \u00e0 la formation H0B0 &nbsp; D\u00e9lais d\u2019acc\u00e8s: 2 semaines en moyenne sous r\u00e9serve de [&hellip;]<\/p>\n","protected":false},"author":1,"featured_media":0,"parent":0,"menu_order":0,"comment_status":"closed","ping_status":"closed","template":"","meta":{"_et_pb_use_builder":"on","_et_pb_old_content":"<!-- wp:heading {\"level\":4,\"style\":{\"typography\":{\"fontSize\":\"21px\"}}} -->\n<h4 class=\"wp-block-heading\" style=\"font-size:21px\">H0B0 - Habilitation Electrique                                                                                        8h<\/h4>\n<!-- \/wp:heading -->\n\n<!-- wp:paragraph {\"style\":{\"typography\":{\"fontSize\":\"15px\"}}} -->\n<p style=\"font-size:15px\">L\u2019objectif de la formation H0B0 est de former les ouvriers non \u00e9lectriciens travaillant \u00e0 proximit\u00e9 des installations \u00e9lectriques ou dans des locaux dont l\u2019acc\u00e8s est r\u00e9serv\u00e9 exclusivement aux \u00e9lectriciens.<\/p>\n<!-- \/wp:paragraph -->\n\n<!-- wp:heading {\"level\":4,\"style\":{\"typography\":{\"fontSize\":\"15px\"}}} -->\n<h4 class=\"wp-block-heading\" style=\"font-size:15px\">Pr\u00e9requis :<\/h4>\n<!-- \/wp:heading -->\n\n<!-- wp:paragraph -->\n<p>\u25cf Toute personne peut pr\u00e9tendre \u00e0 la formation H0B0<\/p>\n<!-- \/wp:paragraph -->\n\n<!-- wp:paragraph {\"style\":{\"typography\":{\"fontSize\":\"21px\"}}} -->\n<p style=\"font-size:21px\">                                                                         &nbsp;<\/p>\n<!-- \/wp:paragraph -->\n\n<!-- wp:heading {\"level\":4,\"style\":{\"typography\":{\"fontSize\":\"15px\"}}} -->\n<h4 class=\"wp-block-heading\" style=\"font-size:15px\">D\u00e9lais d'acc\u00e8s:<\/h4>\n<!-- \/wp:heading -->\n\n<!-- wp:paragraph {\"style\":{\"typography\":{\"fontSize\":\"15px\"}}} -->\n<p style=\"font-size:15px\">2 semaines en moyenne sous r\u00e9serve de poss\u00e9der les pr\u00e9requis et l'ensemble des documents administratifs.<\/p>\n<!-- \/wp:paragraph -->\n\n<!-- wp:heading {\"level\":4,\"style\":{\"typography\":{\"fontSize\":\"15px\"}}} -->\n<h4 class=\"wp-block-heading\" style=\"font-size:15px\">\u20ac&nbsp; Tarifs et Financement:<\/h4>\n<!-- \/wp:heading -->\n\n<!-- wp:paragraph {\"style\":{\"typography\":{\"fontSize\":\"15px\"}}} -->\n<p style=\"font-size:15px\">Nous consulter pour un tarif individuel<br>*devis P\u00f4le Emploi sur demande<\/p>\n<!-- \/wp:paragraph -->\n\n<!-- wp:heading {\"level\":4,\"style\":{\"typography\":{\"fontSize\":\"15px\"}}} -->\n<h4 class=\"wp-block-heading\" style=\"font-size:15px\">Public Vis\u00e9 :<\/h4>\n<!-- \/wp:heading -->\n\n<!-- wp:paragraph {\"style\":{\"typography\":{\"fontSize\":\"15px\"}}} -->\n<p style=\"font-size:15px\">Personnel non \u00e9lectricien qui op\u00e8re dans des zones o\u00f9 existent des risques \u00e9lectriques.<\/p>\n<!-- \/wp:paragraph -->\n\n<!-- wp:heading {\"level\":4,\"style\":{\"typography\":{\"fontSize\":\"15px\"}}} -->\n<h4 class=\"wp-block-heading\" style=\"font-size:15px\">Contact :<\/h4>\n<!-- \/wp:heading -->\n\n<!-- wp:paragraph {\"style\":{\"typography\":{\"fontSize\":\"15px\"}}} -->\n<p style=\"font-size:15px\"><strong>R\u00e9f\u00e9rent P\u00e9dagogique:<\/strong>&nbsp;07 81 52 36 35<br><strong>R\u00e9f\u00e9rent Handicap:<\/strong>&nbsp;09 70 66 92 10<\/p>\n<!-- \/wp:paragraph -->\n\n<!-- wp:paragraph {\"style\":{\"typography\":{\"fontSize\":\"15px\"}}} -->\n<p style=\"font-size:15px\">Consultez notre page\u00a0<a href=\"https:\/\/protecformation.fr\/?page_id=33\"><strong>Accompagnement Handicap<\/strong><\/a>\u00a0ou appelez-nous pour obtenir d'avantages de renseignements<\/p>\n<!-- \/wp:paragraph -->\n\n<!-- wp:paragraph {\"style\":{\"typography\":{\"fontSize\":\"15px\"}}} -->\n<p style=\"font-size:15px\"><strong>Contact:<\/strong>&nbsp;<a href=\"https:\/\/protecformation.fr\/?page_id=33\">Formulaire de contact en ligne<\/a><\/p>\n<!-- \/wp:paragraph -->\n\n<!-- wp:heading {\"level\":4,\"style\":{\"typography\":{\"fontSize\":\"15px\"}}} -->\n<h4 class=\"wp-block-heading\" style=\"font-size:15px\">Contenu :<\/h4>\n<!-- \/wp:heading -->\n\n<!-- wp:paragraph {\"style\":{\"typography\":{\"fontSize\":\"15px\"}}} -->\n<p style=\"font-size:15px\">1. G\u00e9n\u00e9ralit\u00e9s, notions \u00e9l\u00e9mentaires d\u2019\u00e9lectricit\u00e9, visualisation et \u00e9tude du film INRS \u00ab Attention Basse Tension \u00bb<br>2. Les dangers de l\u2019\u00e9lectricit\u00e9<br>3. Le courant \u00e9lectrique et le corps humain<br>4. Mat\u00e9riel de protection individuel et collectifs<br>5. D\u00e9finitions relatives aux ouvrages, op\u00e9rations, zones et locaux<br>6. Analyse g\u00e9n\u00e9rale des nouvelles r\u00e8gles de s\u00e9curit\u00e9s d\u00e9crites dans la publication NF C18-510<br>7. Risques encourus lors d\u2019op\u00e9rations sur ou au voisinage d\u2019ouvrages \u00e9lectriques et protections contre ces risques.<br>8. Consignes et documents \u00e9crits<br>9. Utilisation des mat\u00e9riels et outillages de s\u00e9curit\u00e9<br>10. Conduite \u00e0 tenir en cas d\u2019accident d\u2019origine \u00e9lectrique<br>11. Mise en pratique<br>12. Contr\u00f4le des connaissances<\/p>\n<!-- \/wp:paragraph -->\n\n<!-- wp:heading {\"level\":4,\"style\":{\"typography\":{\"fontSize\":\"15px\"}}} -->\n<h4 class=\"wp-block-heading\" style=\"font-size:15px\">Objectifs p\u00e9dagogiques :<\/h4>\n<!-- \/wp:heading -->\n\n<!-- wp:paragraph {\"style\":{\"typography\":{\"fontSize\":\"15px\"}}} -->\n<p style=\"font-size:15px\">\u2022 Enoncer les risques d\u2019accidents lors d\u2019activit\u00e9 sur\/au voisinage de l\u2019\u00e9nergie \u00e9lectrique,<br>\u2022 Transposer les r\u00e8gles expos\u00e9es dans le cadre de son activit\u00e9,<br>\u2022 Mettre en application la nouvelle norme&nbsp;<a href=\"https:\/\/fr.wikipedia.org\/wiki\/NF_C18-510\">NFC 18-510<\/a>&nbsp;lors de l\u2019ex\u00e9cution d\u2019op\u00e9rations sur les ouvrages \u00e9lectriques, appareillages \u00e9lectroniques et installations photovolta\u00efques,<br>\u2022 Adopter une conduite pertinente \u00e0 tenir en cas d\u2019accident d\u2019origine \u00e9lectrique,<br>\u2022 S\u2019assurer de son aptitude \u00e0 adapter ces prescriptions dans les domaines et les situations propres \u00e0 son \u00e9tablissement.<br>\u2022 En fonction des r\u00e9sultats acquis, cette formation permettra \u00e0 l\u2019employeur de l\u2019habiliter en toute connaissance de cause.<\/p>\n<!-- \/wp:paragraph -->\n\n<!-- wp:heading {\"level\":4,\"style\":{\"typography\":{\"fontSize\":\"15px\"}}} -->\n<h4 class=\"wp-block-heading\" style=\"font-size:15px\">M\u00e9thodes d'Apprentissage :<\/h4>\n<!-- \/wp:heading -->\n\n<!-- wp:paragraph {\"style\":{\"typography\":{\"fontSize\":\"15px\"}}} -->\n<p style=\"font-size:15px\">Etude du support de cours remis \u00e0 chaque stagiaire<br>Mise en \u0153uvre de moyens audiovisuels INRS appropri\u00e9s aux sujets trait\u00e9s<br>M\u00e9thode interactive s\u2019appuyant sur des exp\u00e9riences v\u00e9cues<br>Mise en pratique par chaque stagiaire<br>Contr\u00f4le des connaissances<\/p>\n<!-- \/wp:paragraph -->\n\n<!-- wp:heading {\"level\":4,\"style\":{\"typography\":{\"fontSize\":\"15px\"}}} -->\n<h4 class=\"wp-block-heading\" style=\"font-size:15px\">Moyens p\u00e9dagogiques :<\/h4>\n<!-- \/wp:heading -->\n\n<!-- wp:paragraph {\"style\":{\"typography\":{\"fontSize\":\"15px\"}}} -->\n<p style=\"font-size:15px\">\u2022 Vid\u00e9o projecteur + PC + logiciels INRS<br>\u2022 Mat\u00e9riel de s\u00e9curit\u00e9 en d\u00e9monstration : visi\u00e8res de s\u00e9curit\u00e9 anti - UV, gants d\u2019\u00e9lectricien, v\u00e9rificateur d\u2019absence de tension, cadenas, syst\u00e8me de verrouillage.<br>\u2022 Maquettes p\u00e9dagogiques de simulation : man\u0153uvres de disjoncteur, man\u0153uvres de sectionneur, man\u0153uvres d\u2019interrupteur, etc.<\/p>\n<!-- \/wp:paragraph -->\n\n<!-- wp:heading {\"level\":4,\"style\":{\"typography\":{\"fontSize\":\"15px\"}}} -->\n<h4 class=\"wp-block-heading\" style=\"font-size:15px\">&nbsp;Validation de la formation :<\/h4>\n<!-- \/wp:heading -->\n\n<!-- wp:paragraph {\"style\":{\"typography\":{\"fontSize\":\"15px\"}}} -->\n<p style=\"font-size:15px\">A l\u2019issue de la formation th\u00e9orique et pratique, un avis et une attestation de suivi de formation seront fournis aux stagiaires.<\/p>\n<!-- \/wp:paragraph -->\n\n<!-- wp:heading {\"level\":4,\"style\":{\"typography\":{\"fontSize\":\"15px\"}}} -->\n<h4 class=\"wp-block-heading\" style=\"font-size:15px\">Nombre de participants maximum :<\/h4>\n<!-- \/wp:heading -->\n\n<!-- wp:paragraph {\"style\":{\"typography\":{\"fontSize\":\"15px\"}}} -->\n<p style=\"font-size:15px\">12 Stagiaires maximum par session de formation<\/p>\n<!-- \/wp:paragraph -->","_et_gb_content_width":""},"_links":{"self":[{"href":"https:\/\/protecformation.fr\/index.php?rest_route=\/wp\/v2\/pages\/47"}],"collection":[{"href":"https:\/\/protecformation.fr\/index.php?rest_route=\/wp\/v2\/pages"}],"about":[{"href":"https:\/\/protecformation.fr\/index.php?rest_route=\/wp\/v2\/types\/page"}],"author":[{"embeddable":true,"href":"https:\/\/protecformation.fr\/index.php?rest_route=\/wp\/v2\/users\/1"}],"replies":[{"embeddable":true,"href":"https:\/\/protecformation.fr\/index.php?rest_route=%2Fwp%2Fv2%2Fcomments&post=47"}],"version-history":[{"count":11,"href":"https:\/\/protecformation.fr\/index.php?rest_route=\/wp\/v2\/pages\/47\/revisions"}],"predecessor-version":[{"id":997,"href":"https:\/\/protecformation.fr\/index.php?rest_route=\/wp\/v2\/pages\/47\/revisions\/997"}],"wp:attachment":[{"href":"https:\/\/protecformation.fr\/index.php?rest_route=%2Fwp%2Fv2%2Fmedia&parent=47"}],"curies":[{"name":"wp","href":"https:\/\/api.w.org\/{rel}","templated":true}]}}