{"id":601,"date":"2023-04-11T20:40:05","date_gmt":"2023-04-11T18:40:05","guid":{"rendered":"https:\/\/protecformation.fr\/?page_id=601"},"modified":"2023-04-11T20:43:05","modified_gmt":"2023-04-11T18:43:05","slug":"601-2","status":"publish","type":"page","link":"https:\/\/protecformation.fr\/?page_id=601","title":{"rendered":"Formations EPI"},"content":{"rendered":"<p>[et_pb_section fb_built=&#8221;1&#8243; _builder_version=&#8221;4.20.4&#8243; _module_preset=&#8221;default&#8221; global_colors_info=&#8221;{}&#8221;][et_pb_row _builder_version=&#8221;4.20.4&#8243; _module_preset=&#8221;default&#8221; border_radii=&#8221;on|20px|20px|20px|20px&#8221; border_color_all=&#8221;#FFFFFF&#8221; box_shadow_style=&#8221;preset2&#8243; box_shadow_horizontal=&#8221;8px&#8221; box_shadow_vertical=&#8221;15px&#8221; box_shadow_blur=&#8221;26px&#8221; box_shadow_spread=&#8221;-80px&#8221; box_shadow_color=&#8221;#000000&#8243; global_colors_info=&#8221;{}&#8221;][et_pb_column type=&#8221;4_4&#8243; _builder_version=&#8221;4.20.4&#8243; _module_preset=&#8221;default&#8221; global_colors_info=&#8221;{}&#8221;][et_pb_tabs active_tab_background_color=&#8221;#0C71C3&#8243; inactive_tab_background_color=&#8221;#8F8F8F&#8221; active_tab_text_color=&#8221;#FFFFFF&#8221; _builder_version=&#8221;4.20.4&#8243; _module_preset=&#8221;default&#8221; tab_text_color=&#8221;#FFFFFF&#8221; body_font=&#8221;Poppins||||||||&#8221; body_text_color=&#8221;#000000&#8243; body_font_size=&#8221;15px&#8221; tab_font=&#8221;Poppins||||||||&#8221; tab_font_size=&#8221;19px&#8221; tab_letter_spacing=&#8221;2px&#8221; max_width=&#8221;100%&#8221; custom_margin=&#8221;-4px|||||&#8221; hover_enabled=&#8221;0&#8243; border_radii=&#8221;on|20px|20px|20px|20px&#8221; border_color_all=&#8221;#000000&#8243; box_shadow_style=&#8221;preset2&#8243; box_shadow_spread=&#8221;80px&#8221; box_shadow_color=&#8221;#FFFFFF&#8221; global_colors_info=&#8221;{}&#8221; sticky_enabled=&#8221;0&#8243;][et_pb_tab title=&#8221;EPI &#8211; Equipement de Premier Intervention&#8221; _builder_version=&#8221;4.20.4&#8243; _module_preset=&#8221;default&#8221; body_text_color=&#8221;#000000&#8243; global_colors_info=&#8221;{}&#8221;]<\/p>\n<div class=\"entry-content\">\n<h4 class=\"wp-block-heading\" style=\"text-align: center;\"><span>L\u2019objectif de la formation EPI (Equipier de Premier Intervention) est de vous former \u00e0 utiliser les moyens de premiers secours lors d\u2019un d\u00e9but d\u2019incendie et cela en toute s\u00e9curit\u00e9 (Extincteurs et RIA).<\/span><\/h4>\n<div class=\"title active\">\n<div class=\"col-md-12\">\n<div class=\"col-md-6\">\n<h4><span>\u00a0<\/span><\/h4>\n<h4><span style=\"color: #e02b20;\">Pr\u00e9requis <\/span>:<\/h4>\n<p>\u25cf Toute personne peut pr\u00e9tendre \u00e0 la formation EPI<\/p>\n<h4><i class=\"fa fa-clock-o\"><\/i>\u00a0<\/h4>\n<h4>Nous consulter pour un tarif individuel<\/h4>\n<\/div>\n<div class=\"col-md-6\">\n<h4><i class=\"fa fa-users\"><\/i>\u00a0 <span style=\"color: #e02b20;\">Public Vis\u00e9 :<\/span><\/h4>\n<p>Le personnel souhaitant devenir \u00e9quipier de premi\u00e8re intervention ou justifiant d\u2019un niveau \u00e9quivalent<\/p>\n<h4><i class=\"fa fa-phone\"><\/i>\u00a0<\/h4>\n<p>&nbsp;<\/p>\n<\/div>\n<\/div>\n<div class=\"col-md-12\">\n<div class=\"col-md-6\">\n<h4><i class=\"fa fa-crosshairs\"><\/i>\u00a0 <span style=\"color: #e02b20;\">Contenu <\/span>:<\/h4>\n<p>\u25cf Le feu et l\u2019incendie<br \/>\u25cf Les causes de l\u2019incendie<br \/>\u25cf Les cons\u00e9quences de l\u2019incendie<br \/>\u25cf La combustion<br \/>\u25cf La propagation<br \/>\u25cf Les classes de feu<br \/>\u25cf Les agents extincteurs<br \/>\u25cf Les diff\u00e9rents extincteurs<br \/>\u25cf Les robinets d\u2019incendie arm\u00e9s<br \/>\u25cf Visite et reconnaissance des moyens de secours internes \u00e0 l\u2019entreprise<br \/>\u25cf Les consignes de s\u00e9curit\u00e9 et d\u2019\u00e9vacuation<br \/>\u25cf R\u00e9action sur un d\u00e9but d\u2019incendie simul\u00e9<br \/>\u25cf Application des consignes de s\u00e9curit\u00e9<br \/>\u25cf Reconnaissance et mode d\u2019emploi des diff\u00e9rents types d\u2019extincteurs<br \/>\u25cf Exercices pratiques d\u2019utilisation d\u2019extincteurs sur bac \u00e0 gaz \u00e9cologique<\/p>\n<p>&nbsp;<\/p>\n<p>&nbsp;<\/p>\n<\/div>\n<div class=\"col-md-6\">\n<h4><i class=\"fa fa-bullseye\"><\/i><span style=\"color: #e02b20;\">\u00a0 Objectifs p\u00e9dagogiques :<\/span><\/h4>\n<p>Permettre \u00e0 l\u2019ensemble du personnel de manipuler les moyens de premiers secours lors d\u2019un d\u00e9but d\u2019incendie en toute s\u00e9curit\u00e9 (Extincteurs et RIA).<\/p>\n<p>\u25cf Connaitre parfaitement les consignes de s\u00e9curit\u00e9 g\u00e9n\u00e9rales et particuli\u00e8res en cas d&#8217;incendie pour effectuer les premi\u00e8res interventions en attendant l&#8217;arriv\u00e9e des secours.<\/p>\n<p>&nbsp;<\/p>\n<h4><i class=\"fa fa-list-ul\"><\/i><span style=\"color: #e02b20;\">\u00a0 M\u00e9thodes d&#8217;Apprentissage :<\/span><\/h4>\n<p>Etude du support de cours remis \u00e0 chaque stagiaire<br \/>Mise en \u0153uvre de moyens audiovisuels INRS appropri\u00e9s aux sujets trait\u00e9s<br \/>M\u00e9thode interactive s\u2019appuyant sur des exp\u00e9riences v\u00e9cues<br \/>Mise en pratique par chaque stagiaire<br \/>Contr\u00f4le des connaissances<\/p>\n<p>&nbsp;<\/p>\n<p>&nbsp;<\/p>\n<\/div>\n<\/div>\n<div class=\"col-md-12\">\n<div class=\"col-md-6\">\n<h4><i class=\"fa fa-check\"><\/i><span style=\"color: #e02b20;\">\u00a0 Validation de la formation :<\/span><\/h4>\n<p>A l\u2019issue de la formation th\u00e9orique et pratique, un avis et une attestation de suivi de formation seront fournis aux stagiaires.<\/p>\n<p>&nbsp;<\/p>\n<p>&nbsp;<\/p>\n<\/div>\n<div class=\"col-md-6\">\n<h4><i class=\"fa fa-child\"><\/i><span style=\"color: #e02b20;\">\u00a0 Nombre de participants maximum :<\/span><\/h4>\n<p>\u00a012 Stagiaires maximum par session de formation<\/p>\n<\/div>\n<\/div>\n<\/div>\n<div class=\"content active\"><\/div>\n<p>&nbsp;<\/p>\n<h4 class=\"wp-block-heading\"><span style=\"color: #e02b20;\">D\u00e9lais d\u2019acc\u00e8s:<\/span><\/h4>\n<p>2 semaines en moyenne sous r\u00e9serve de poss\u00e9der les pr\u00e9requis et l\u2019ensemble des documents administratifs.<\/p>\n<p>&nbsp;<\/p>\n<h4 class=\"wp-block-heading\"><span style=\"color: #e02b20;\">\u20ac\u00a0 Tarifs et Financement:<\/span><\/h4>\n<p>Nous consulter pour un tarif individuel<br \/>*devis P\u00f4le Emploi sur demande<\/p>\n<p>\u00a0<span style=\"color: #333333; font-size: 18px;\"><span style=\"color: #e02b20;\">Contact <\/span>:<\/span><\/p>\n<p><strong>R\u00e9f\u00e9rent P\u00e9dagogique:<\/strong>\u00a007 81 52 36 35<br \/><strong>R\u00e9f\u00e9rent Handicap:<\/strong>\u00a009 70 66 92 10<\/p>\n<p>Consultez notre page\u00a0<a href=\"https:\/\/protecformation.fr\/?page_id=33\"><strong>Accompagnement Handicap<\/strong><\/a>\u00a0ou appelez-nous pour obtenir d\u2019avantages de renseignements<\/p>\n<p><strong>Contact:<\/strong>\u00a0<a href=\"https:\/\/protecformation.fr\/?page_id=33\">Formulaire de contact en ligne<\/a><\/p>\n<p>&nbsp;<\/p>\n<p>&nbsp;<\/p>\n<p>&nbsp;<\/p>\n<\/div>\n<p>[\/et_pb_tab][\/et_pb_tabs][\/et_pb_column][\/et_pb_row][\/et_pb_section]<\/p>\n","protected":false},"excerpt":{"rendered":"<p>L\u2019objectif de la formation EPI (Equipier de Premier Intervention) est de vous former \u00e0 utiliser les moyens de premiers secours lors d\u2019un d\u00e9but d\u2019incendie et cela en toute s\u00e9curit\u00e9 (Extincteurs et RIA). \u00a0 Pr\u00e9requis : \u25cf Toute personne peut pr\u00e9tendre \u00e0 la formation EPI \u00a0 Nous consulter pour un tarif individuel \u00a0 Public Vis\u00e9 : [&hellip;]<\/p>\n","protected":false},"author":1,"featured_media":0,"parent":0,"menu_order":0,"comment_status":"closed","ping_status":"closed","template":"","meta":{"_et_pb_use_builder":"on","_et_pb_old_content":"","_et_gb_content_width":""},"_links":{"self":[{"href":"https:\/\/protecformation.fr\/index.php?rest_route=\/wp\/v2\/pages\/601"}],"collection":[{"href":"https:\/\/protecformation.fr\/index.php?rest_route=\/wp\/v2\/pages"}],"about":[{"href":"https:\/\/protecformation.fr\/index.php?rest_route=\/wp\/v2\/types\/page"}],"author":[{"embeddable":true,"href":"https:\/\/protecformation.fr\/index.php?rest_route=\/wp\/v2\/users\/1"}],"replies":[{"embeddable":true,"href":"https:\/\/protecformation.fr\/index.php?rest_route=%2Fwp%2Fv2%2Fcomments&post=601"}],"version-history":[{"count":5,"href":"https:\/\/protecformation.fr\/index.php?rest_route=\/wp\/v2\/pages\/601\/revisions"}],"predecessor-version":[{"id":607,"href":"https:\/\/protecformation.fr\/index.php?rest_route=\/wp\/v2\/pages\/601\/revisions\/607"}],"wp:attachment":[{"href":"https:\/\/protecformation.fr\/index.php?rest_route=%2Fwp%2Fv2%2Fmedia&parent=601"}],"curies":[{"name":"wp","href":"https:\/\/api.w.org\/{rel}","templated":true}]}}